{"id":38193,"date":"2023-08-10T10:04:22","date_gmt":"2023-08-10T13:04:22","guid":{"rendered":"https:\/\/employer.com.br\/tudo-do-rh\/?page_id=38193"},"modified":"2023-08-10T10:20:08","modified_gmt":"2023-08-10T13:20:08","slug":"webinar-emprega-mais-mulheres-certificado","status":"publish","type":"page","link":"https:\/\/employer.com.br\/tudo-do-rh\/webinar-emprega-mais-mulheres-certificado\/","title":{"rendered":"Webinar Emprega + Mulheres| Certificado"},"content":{"rendered":"\t\t<div data-elementor-type=\"wp-post\" data-elementor-id=\"38193\" class=\"elementor elementor-38193\" data-elementor-post-type=\"page\">\n\t\t\t\t\t\t<section class=\"elementor-section elementor-top-section elementor-element elementor-element-7cad13f elementor-section-boxed elementor-section-height-default elementor-section-height-default\" data-id=\"7cad13f\" data-element_type=\"section\">\n\t\t\t\t\t\t<div class=\"elementor-container elementor-column-gap-default\">\n\t\t\t\t\t<div class=\"elementor-column elementor-col-100 elementor-top-column elementor-element elementor-element-d4c78fa\" data-id=\"d4c78fa\" data-element_type=\"column\">\n\t\t\t<div class=\"elementor-widget-wrap elementor-element-populated\">\n\t\t\t\t\t\t<div class=\"elementor-element elementor-element-bb0e2c2 elementor-widget__width-initial elementor-widget elementor-widget-heading\" data-id=\"bb0e2c2\" data-element_type=\"widget\" data-widget_type=\"heading.default\">\n\t\t\t\t<div class=\"elementor-widget-container\">\n\t\t\t\t\t<h1 class=\"elementor-heading-title elementor-size-default\">Certificado Webinar Employer<\/h1>\t\t\t\t<\/div>\n\t\t\t\t<\/div>\n\t\t\t\t<div class=\"elementor-element elementor-element-b0c4942 elementor-widget__width-initial elementor-widget elementor-widget-heading\" data-id=\"b0c4942\" data-element_type=\"widget\" data-widget_type=\"heading.default\">\n\t\t\t\t<div class=\"elementor-widget-container\">\n\t\t\t\t\t<h2 class=\"elementor-heading-title elementor-size-default\">Emprega Mais Mulheres  - 22\/08 das 14h \u00e0s 15h<\/h2>\t\t\t\t<\/div>\n\t\t\t\t<\/div>\n\t\t\t\t<div class=\"elementor-element elementor-element-4123b0d elementor-widget elementor-widget-text-editor\" data-id=\"4123b0d\" data-element_type=\"widget\" data-widget_type=\"text-editor.default\">\n\t\t\t\t<div class=\"elementor-widget-container\">\n\t\t\t\t\t\t\t\t\t<p><span style=\"font-size: 16px;\">Sua opini\u00e3o \u00e9 muito importante para n\u00f3s!\u00a0<\/span><span style=\"font-size: 16px;\">Responda a essas r\u00e1pidas perguntas para ter acesso ao seu certificado.<\/span><\/p>\t\t\t\t\t\t\t\t<\/div>\n\t\t\t\t<\/div>\n\t\t\t\t<section class=\"elementor-section elementor-inner-section elementor-element elementor-element-983fb89 elementor-section-boxed elementor-section-height-default elementor-section-height-default\" data-id=\"983fb89\" data-element_type=\"section\">\n\t\t\t\t\t\t<div class=\"elementor-container elementor-column-gap-default\">\n\t\t\t\t\t<div class=\"elementor-column elementor-col-100 elementor-inner-column elementor-element elementor-element-25a841f\" data-id=\"25a841f\" data-element_type=\"column\">\n\t\t\t<div class=\"elementor-widget-wrap elementor-element-populated\">\n\t\t\t\t\t\t<div class=\"elementor-element elementor-element-5c6d2bc elementor-button-align-center elementor-widget elementor-widget-form\" data-id=\"5c6d2bc\" data-element_type=\"widget\" data-settings=\"{&quot;step_next_label&quot;:&quot;Next&quot;,&quot;step_previous_label&quot;:&quot;Previous&quot;,&quot;button_width&quot;:&quot;100&quot;,&quot;step_type&quot;:&quot;number_text&quot;,&quot;step_icon_shape&quot;:&quot;circle&quot;}\" data-widget_type=\"form.default\">\n\t\t\t\t<div class=\"elementor-widget-container\">\n\t\t\t\t\t\t\t<form class=\"elementor-form\" method=\"post\" name=\"Certificado Webinar Emprega Mais Mulheres\" aria-label=\"Certificado Webinar Emprega Mais Mulheres\">\n\t\t\t<input type=\"hidden\" name=\"post_id\" value=\"38193\"\/>\n\t\t\t<input type=\"hidden\" name=\"form_id\" value=\"5c6d2bc\"\/>\n\t\t\t<input type=\"hidden\" name=\"referer_title\" value=\"Employer\" \/>\n\n\t\t\t\n\t\t\t<div class=\"elementor-form-fields-wrapper elementor-labels-above\">\n\t\t\t\t\t\t\t\t<div class=\"elementor-field-type-text elementor-field-group elementor-column elementor-field-group-nome elementor-col-100 elementor-field-required\">\n\t\t\t\t\t\t\t\t\t\t\t\t<label for=\"form-field-nome\" class=\"elementor-field-label\">\n\t\t\t\t\t\t\t\tNome\t\t\t\t\t\t\t<\/label>\n\t\t\t\t\t\t\t\t\t\t\t\t\t\t<input size=\"1\" type=\"text\" name=\"form_fields[nome]\" id=\"form-field-nome\" class=\"elementor-field elementor-size-md  elementor-field-textual\" required=\"required\">\n\t\t\t\t\t\t\t\t\t\t\t<\/div>\n\t\t\t\t\t\t\t\t<div class=\"elementor-field-type-email elementor-field-group elementor-column elementor-field-group-email elementor-col-100 elementor-field-required\">\n\t\t\t\t\t\t\t\t\t\t\t\t<label for=\"form-field-email\" class=\"elementor-field-label\">\n\t\t\t\t\t\t\t\tEmail\t\t\t\t\t\t\t<\/label>\n\t\t\t\t\t\t\t\t\t\t\t\t\t\t<input size=\"1\" type=\"email\" name=\"form_fields[email]\" id=\"form-field-email\" class=\"elementor-field elementor-size-md  elementor-field-textual\" required=\"required\">\n\t\t\t\t\t\t\t\t\t\t\t<\/div>\n\t\t\t\t\t\t\t\t<div class=\"elementor-field-type-radio elementor-field-group elementor-column elementor-field-group-field_cfb9600 elementor-col-100 elementor-field-required\">\n\t\t\t\t\t\t\t\t\t\t\t\t<label for=\"form-field-field_cfb9600\" class=\"elementor-field-label\">\n\t\t\t\t\t\t\t\tEm uma escala de 0 a 10, qual seu grau de satisfa\u00e7\u00e3o em rela\u00e7\u00e3o ao tema abordado no Webinar Emprega Mais Mulheres?\t\t\t\t\t\t\t<\/label>\n\t\t\t\t\t\t<div class=\"elementor-field-subgroup  elementor-subgroup-inline\"><span class=\"elementor-field-option\"><input type=\"radio\" value=\"&lt;br&gt;0&lt;br&gt;\ud83d\ude41  \" id=\"form-field-field_cfb9600-0\" name=\"form_fields[field_cfb9600]\" required=\"required\"> <label for=\"form-field-field_cfb9600-0\"><br>0<br>\ud83d\ude41  <\/label><\/span><span class=\"elementor-field-option\"><input type=\"radio\" value=\"&lt;br&gt;1 &lt;br&gt;\ud83d\ude41\" id=\"form-field-field_cfb9600-1\" name=\"form_fields[field_cfb9600]\" required=\"required\"> <label for=\"form-field-field_cfb9600-1\"><br>1 <br>\ud83d\ude41<\/label><\/span><span class=\"elementor-field-option\"><input type=\"radio\" value=\"&lt;br&gt;2&lt;br&gt; \ud83d\ude41\" id=\"form-field-field_cfb9600-2\" name=\"form_fields[field_cfb9600]\" required=\"required\"> <label for=\"form-field-field_cfb9600-2\"><br>2<br> \ud83d\ude41<\/label><\/span><span class=\"elementor-field-option\"><input type=\"radio\" value=\"&lt;br&gt;3&lt;br&gt; \ud83d\ude41\" id=\"form-field-field_cfb9600-3\" name=\"form_fields[field_cfb9600]\" required=\"required\"> <label for=\"form-field-field_cfb9600-3\"><br>3<br> \ud83d\ude41<\/label><\/span><span class=\"elementor-field-option\"><input type=\"radio\" value=\"&lt;br&gt;4&lt;br&gt; \ud83d\ude15\" id=\"form-field-field_cfb9600-4\" name=\"form_fields[field_cfb9600]\" required=\"required\"> <label for=\"form-field-field_cfb9600-4\"><br>4<br> \ud83d\ude15<\/label><\/span><span class=\"elementor-field-option\"><input type=\"radio\" value=\"&lt;br&gt;5&lt;br&gt; \ud83d\ude15\" id=\"form-field-field_cfb9600-5\" name=\"form_fields[field_cfb9600]\" required=\"required\"> <label for=\"form-field-field_cfb9600-5\"><br>5<br> \ud83d\ude15<\/label><\/span><span class=\"elementor-field-option\"><input type=\"radio\" value=\"&lt;br&gt;6&lt;br&gt; \ud83d\ude15\" id=\"form-field-field_cfb9600-6\" name=\"form_fields[field_cfb9600]\" required=\"required\"> <label for=\"form-field-field_cfb9600-6\"><br>6<br> \ud83d\ude15<\/label><\/span><span class=\"elementor-field-option\"><input type=\"radio\" value=\"&lt;br&gt;7&lt;br&gt; \ud83d\ude42\" id=\"form-field-field_cfb9600-7\" name=\"form_fields[field_cfb9600]\" required=\"required\"> <label for=\"form-field-field_cfb9600-7\"><br>7<br> \ud83d\ude42<\/label><\/span><span class=\"elementor-field-option\"><input type=\"radio\" value=\"&lt;br&gt;8&lt;br&gt; \ud83d\ude42\" id=\"form-field-field_cfb9600-8\" name=\"form_fields[field_cfb9600]\" required=\"required\"> <label for=\"form-field-field_cfb9600-8\"><br>8<br> \ud83d\ude42<\/label><\/span><span class=\"elementor-field-option\"><input type=\"radio\" value=\"&lt;br&gt;9&lt;br&gt; \ud83d\ude00\" id=\"form-field-field_cfb9600-9\" name=\"form_fields[field_cfb9600]\" required=\"required\"> <label for=\"form-field-field_cfb9600-9\"><br>9<br> \ud83d\ude00<\/label><\/span><span class=\"elementor-field-option\"><input type=\"radio\" value=\"&lt;br&gt;10&lt;br&gt; \ud83d\ude00\" id=\"form-field-field_cfb9600-10\" name=\"form_fields[field_cfb9600]\" required=\"required\"> <label for=\"form-field-field_cfb9600-10\"><br>10<br> \ud83d\ude00<\/label><\/span><\/div>\t\t\t\t<\/div>\n\t\t\t\t\t\t\t\t<div class=\"elementor-field-type-radio elementor-field-group elementor-column elementor-field-group-field_b5236fa elementor-col-100 elementor-field-required\">\n\t\t\t\t\t\t\t\t\t\t\t\t<label for=\"form-field-field_b5236fa\" class=\"elementor-field-label\">\n\t\t\t\t\t\t\t\tEm uma escala de 0 a 10, qual seu grau de satisfa\u00e7\u00e3o em rela\u00e7\u00e3o aos palestrantes presentes no Webinar Emprega Mais Mulheres?\t\t\t\t\t\t\t<\/label>\n\t\t\t\t\t\t<div class=\"elementor-field-subgroup  elementor-subgroup-inline\"><span class=\"elementor-field-option\"><input type=\"radio\" value=\"&lt;br&gt;0&lt;br&gt;\ud83d\ude41  \" id=\"form-field-field_b5236fa-0\" name=\"form_fields[field_b5236fa]\" required=\"required\"> <label for=\"form-field-field_b5236fa-0\"><br>0<br>\ud83d\ude41  <\/label><\/span><span class=\"elementor-field-option\"><input type=\"radio\" value=\"&lt;br&gt;1 &lt;br&gt;\ud83d\ude41\" id=\"form-field-field_b5236fa-1\" name=\"form_fields[field_b5236fa]\" required=\"required\"> <label for=\"form-field-field_b5236fa-1\"><br>1 <br>\ud83d\ude41<\/label><\/span><span class=\"elementor-field-option\"><input type=\"radio\" value=\"&lt;br&gt;2&lt;br&gt; \ud83d\ude41\" id=\"form-field-field_b5236fa-2\" name=\"form_fields[field_b5236fa]\" required=\"required\"> <label for=\"form-field-field_b5236fa-2\"><br>2<br> \ud83d\ude41<\/label><\/span><span class=\"elementor-field-option\"><input type=\"radio\" value=\"&lt;br&gt;3&lt;br&gt; \ud83d\ude41\" id=\"form-field-field_b5236fa-3\" name=\"form_fields[field_b5236fa]\" required=\"required\"> <label for=\"form-field-field_b5236fa-3\"><br>3<br> \ud83d\ude41<\/label><\/span><span class=\"elementor-field-option\"><input type=\"radio\" value=\"&lt;br&gt;4&lt;br&gt; \ud83d\ude15\" id=\"form-field-field_b5236fa-4\" name=\"form_fields[field_b5236fa]\" required=\"required\"> <label for=\"form-field-field_b5236fa-4\"><br>4<br> \ud83d\ude15<\/label><\/span><span class=\"elementor-field-option\"><input type=\"radio\" value=\"&lt;br&gt;5&lt;br&gt; \ud83d\ude15\" id=\"form-field-field_b5236fa-5\" name=\"form_fields[field_b5236fa]\" required=\"required\"> <label for=\"form-field-field_b5236fa-5\"><br>5<br> \ud83d\ude15<\/label><\/span><span class=\"elementor-field-option\"><input type=\"radio\" value=\"&lt;br&gt;6&lt;br&gt; \ud83d\ude15\" id=\"form-field-field_b5236fa-6\" name=\"form_fields[field_b5236fa]\" required=\"required\"> <label for=\"form-field-field_b5236fa-6\"><br>6<br> \ud83d\ude15<\/label><\/span><span class=\"elementor-field-option\"><input type=\"radio\" value=\"&lt;br&gt;7&lt;br&gt; \ud83d\ude42\" id=\"form-field-field_b5236fa-7\" name=\"form_fields[field_b5236fa]\" required=\"required\"> <label for=\"form-field-field_b5236fa-7\"><br>7<br> \ud83d\ude42<\/label><\/span><span class=\"elementor-field-option\"><input type=\"radio\" value=\"&lt;br&gt;8&lt;br&gt; \ud83d\ude42\" id=\"form-field-field_b5236fa-8\" name=\"form_fields[field_b5236fa]\" required=\"required\"> <label for=\"form-field-field_b5236fa-8\"><br>8<br> \ud83d\ude42<\/label><\/span><span class=\"elementor-field-option\"><input type=\"radio\" value=\"&lt;br&gt;9&lt;br&gt; \ud83d\ude00\" id=\"form-field-field_b5236fa-9\" name=\"form_fields[field_b5236fa]\" required=\"required\"> <label for=\"form-field-field_b5236fa-9\"><br>9<br> \ud83d\ude00<\/label><\/span><span class=\"elementor-field-option\"><input type=\"radio\" value=\"&lt;br&gt;10&lt;br&gt; \ud83d\ude00\" id=\"form-field-field_b5236fa-10\" name=\"form_fields[field_b5236fa]\" required=\"required\"> <label for=\"form-field-field_b5236fa-10\"><br>10<br> \ud83d\ude00<\/label><\/span><\/div>\t\t\t\t<\/div>\n\t\t\t\t\t\t\t\t<div class=\"elementor-field-type-radio elementor-field-group elementor-column elementor-field-group-field_745856d elementor-col-100 elementor-field-required\">\n\t\t\t\t\t\t\t\t\t\t\t\t<label for=\"form-field-field_745856d\" class=\"elementor-field-label\">\n\t\t\t\t\t\t\t\tEm uma escala de 0 a 10, o quanto voc\u00ea recomendaria o Webinar Emprega Mais Mulheres para outros profissionais?\t\t\t\t\t\t\t<\/label>\n\t\t\t\t\t\t<div class=\"elementor-field-subgroup  elementor-subgroup-inline\"><span class=\"elementor-field-option\"><input type=\"radio\" value=\"&lt;br&gt;0&lt;br&gt;\ud83d\ude41  \" id=\"form-field-field_745856d-0\" name=\"form_fields[field_745856d]\" required=\"required\"> <label for=\"form-field-field_745856d-0\"><br>0<br>\ud83d\ude41  <\/label><\/span><span class=\"elementor-field-option\"><input type=\"radio\" value=\"&lt;br&gt;1 &lt;br&gt;\ud83d\ude41\" id=\"form-field-field_745856d-1\" name=\"form_fields[field_745856d]\" required=\"required\"> <label for=\"form-field-field_745856d-1\"><br>1 <br>\ud83d\ude41<\/label><\/span><span class=\"elementor-field-option\"><input type=\"radio\" value=\"&lt;br&gt;2&lt;br&gt; \ud83d\ude41\" id=\"form-field-field_745856d-2\" name=\"form_fields[field_745856d]\" required=\"required\"> <label for=\"form-field-field_745856d-2\"><br>2<br> \ud83d\ude41<\/label><\/span><span class=\"elementor-field-option\"><input type=\"radio\" value=\"&lt;br&gt;3&lt;br&gt; \ud83d\ude41\" id=\"form-field-field_745856d-3\" name=\"form_fields[field_745856d]\" required=\"required\"> <label for=\"form-field-field_745856d-3\"><br>3<br> \ud83d\ude41<\/label><\/span><span class=\"elementor-field-option\"><input type=\"radio\" value=\"&lt;br&gt;4&lt;br&gt; \ud83d\ude15\" id=\"form-field-field_745856d-4\" name=\"form_fields[field_745856d]\" required=\"required\"> <label for=\"form-field-field_745856d-4\"><br>4<br> \ud83d\ude15<\/label><\/span><span class=\"elementor-field-option\"><input type=\"radio\" value=\"&lt;br&gt;5&lt;br&gt; \ud83d\ude15\" id=\"form-field-field_745856d-5\" name=\"form_fields[field_745856d]\" required=\"required\"> <label for=\"form-field-field_745856d-5\"><br>5<br> \ud83d\ude15<\/label><\/span><span class=\"elementor-field-option\"><input type=\"radio\" value=\"&lt;br&gt;6&lt;br&gt; \ud83d\ude15\" id=\"form-field-field_745856d-6\" name=\"form_fields[field_745856d]\" required=\"required\"> <label for=\"form-field-field_745856d-6\"><br>6<br> \ud83d\ude15<\/label><\/span><span class=\"elementor-field-option\"><input type=\"radio\" value=\"&lt;br&gt;7&lt;br&gt; \ud83d\ude42\" id=\"form-field-field_745856d-7\" name=\"form_fields[field_745856d]\" required=\"required\"> <label for=\"form-field-field_745856d-7\"><br>7<br> \ud83d\ude42<\/label><\/span><span class=\"elementor-field-option\"><input type=\"radio\" value=\"&lt;br&gt;8&lt;br&gt; \ud83d\ude42\" id=\"form-field-field_745856d-8\" name=\"form_fields[field_745856d]\" required=\"required\"> <label for=\"form-field-field_745856d-8\"><br>8<br> \ud83d\ude42<\/label><\/span><span class=\"elementor-field-option\"><input type=\"radio\" value=\"&lt;br&gt;9&lt;br&gt; \ud83d\ude00\" id=\"form-field-field_745856d-9\" name=\"form_fields[field_745856d]\" required=\"required\"> <label for=\"form-field-field_745856d-9\"><br>9<br> \ud83d\ude00<\/label><\/span><span class=\"elementor-field-option\"><input type=\"radio\" value=\"&lt;br&gt;10&lt;br&gt; \ud83d\ude00\" id=\"form-field-field_745856d-10\" name=\"form_fields[field_745856d]\" required=\"required\"> <label for=\"form-field-field_745856d-10\"><br>10<br> \ud83d\ude00<\/label><\/span><\/div>\t\t\t\t<\/div>\n\t\t\t\t\t\t\t\t<div class=\"elementor-field-type-radio elementor-field-group elementor-column elementor-field-group-field_60816d4 elementor-col-100 elementor-field-required\">\n\t\t\t\t\t<div class=\"elementor-field-subgroup  \"><span class=\"elementor-field-option\"><input type=\"radio\" value=\"Concordo em receber conte\u00fado e contato da Employer e parceiros*\" id=\"form-field-field_60816d4-0\" name=\"form_fields[field_60816d4]\" required=\"required\"> <label for=\"form-field-field_60816d4-0\">Concordo em receber conte\u00fado e contato da Employer e parceiros*<\/label><\/span><\/div>\t\t\t\t<\/div>\n\t\t\t\t\t\t\t\t<div class=\"elementor-field-group elementor-column elementor-field-type-submit elementor-col-100 e-form__buttons\">\n\t\t\t\t\t<button class=\"elementor-button elementor-size-sm\" type=\"submit\">\n\t\t\t\t\t\t<span class=\"elementor-button-content-wrapper\">\n\t\t\t\t\t\t\t\t\t\t\t\t\t\t\t\t\t\t\t\t\t\t<span class=\"elementor-button-text\">GERAR CERTIFICADO<\/span>\n\t\t\t\t\t\t\t\t\t\t\t\t\t<\/span>\n\t\t\t\t\t<\/button>\n\t\t\t\t<\/div>\n\t\t\t<\/div>\n\t\t<\/form>\n\t\t\t\t\t\t<\/div>\n\t\t\t\t<\/div>\n\t\t\t\t\t<\/div>\n\t\t<\/div>\n\t\t\t\t\t<\/div>\n\t\t<\/section>\n\t\t\t\t\t<\/div>\n\t\t<\/div>\n\t\t\t\t\t<\/div>\n\t\t<\/section>\n\t\t\t\t<\/div>\n\t\t","protected":false},"excerpt":{"rendered":"<p>Certificado Webinar Employer Emprega Mais Mulheres &#8211; 22\/08 das 14h \u00e0s 15h Sua opini\u00e3o \u00e9 muito importante para n\u00f3s!\u00a0Responda a essas r\u00e1pidas perguntas para ter acesso ao seu certificado.<\/p>\n","protected":false},"author":11,"featured_media":29896,"parent":0,"menu_order":0,"comment_status":"closed","ping_status":"closed","template":"templates\/landing.php","meta":{"footnotes":""},"class_list":["post-38193","page","type-page","status-publish","has-post-thumbnail","hentry","entry","has-media"],"yoast_head":"<!-- This site is optimized with the Yoast SEO plugin v26.5 - https:\/\/yoast.com\/wordpress\/plugins\/seo\/ -->\n<title>Webinar Emprega + Mulheres | Certificado<\/title>\n<meta name=\"description\" content=\"Preencha uma r\u00e1pida pesquisa de satisfa\u00e7\u00e3o para gerar e acessar o seu certificado de participa\u00e7\u00e3o no webinar Emprega Mais Mulheres.\" \/>\n<meta name=\"robots\" content=\"index, follow, max-snippet:-1, max-image-preview:large, max-video-preview:-1\" \/>\n<link rel=\"canonical\" href=\"https:\/\/employer.com.br\/tudo-do-rh\/webinar-emprega-mais-mulheres-certificado\/\" \/>\n<meta property=\"og:locale\" content=\"pt_BR\" \/>\n<meta property=\"og:type\" content=\"article\" \/>\n<meta property=\"og:title\" content=\"Webinar Emprega + Mulheres | Certificado\" \/>\n<meta property=\"og:description\" content=\"Preencha uma r\u00e1pida pesquisa de satisfa\u00e7\u00e3o para gerar e acessar o seu certificado de participa\u00e7\u00e3o no webinar Emprega Mais Mulheres.\" \/>\n<meta property=\"og:url\" content=\"https:\/\/employer.com.br\/tudo-do-rh\/webinar-emprega-mais-mulheres-certificado\/\" \/>\n<meta property=\"og:site_name\" content=\"Employer\" \/>\n<meta property=\"article:publisher\" content=\"https:\/\/www.facebook.com\/Employer.RH\/\" \/>\n<meta property=\"article:modified_time\" content=\"2023-08-10T13:20:08+00:00\" \/>\n<meta property=\"og:image\" content=\"https:\/\/employer.com.br\/tudo-do-rh\/wp-content\/uploads\/2022\/01\/logo-e-azul.png\" \/>\n\t<meta property=\"og:image:width\" content=\"600\" \/>\n\t<meta property=\"og:image:height\" content=\"600\" \/>\n\t<meta property=\"og:image:type\" content=\"image\/png\" \/>\n<meta name=\"twitter:card\" content=\"summary_large_image\" \/>\n<meta name=\"twitter:site\" content=\"@tudodorh\" \/>\n<meta name=\"twitter:label1\" content=\"Est. tempo de leitura\" \/>\n\t<meta name=\"twitter:data1\" content=\"3 minutos\" \/>\n<!-- \/ Yoast SEO plugin. -->","yoast_head_json":{"title":"Webinar Emprega + Mulheres | Certificado","description":"Preencha uma r\u00e1pida pesquisa de satisfa\u00e7\u00e3o para gerar e acessar o seu certificado de participa\u00e7\u00e3o no webinar Emprega Mais Mulheres.","robots":{"index":"index","follow":"follow","max-snippet":"max-snippet:-1","max-image-preview":"max-image-preview:large","max-video-preview":"max-video-preview:-1"},"canonical":"https:\/\/employer.com.br\/tudo-do-rh\/webinar-emprega-mais-mulheres-certificado\/","og_locale":"pt_BR","og_type":"article","og_title":"Webinar Emprega + Mulheres | Certificado","og_description":"Preencha uma r\u00e1pida pesquisa de satisfa\u00e7\u00e3o para gerar e acessar o seu certificado de participa\u00e7\u00e3o no webinar Emprega Mais Mulheres.","og_url":"https:\/\/employer.com.br\/tudo-do-rh\/webinar-emprega-mais-mulheres-certificado\/","og_site_name":"Employer","article_publisher":"https:\/\/www.facebook.com\/Employer.RH\/","article_modified_time":"2023-08-10T13:20:08+00:00","og_image":[{"width":600,"height":600,"url":"https:\/\/employer.com.br\/tudo-do-rh\/wp-content\/uploads\/2022\/01\/logo-e-azul.png","type":"image\/png"}],"twitter_card":"summary_large_image","twitter_site":"@tudodorh","twitter_misc":{"Est. tempo de leitura":"3 minutos"},"schema":{"@context":"https:\/\/schema.org","@graph":[{"@type":"WebPage","@id":"https:\/\/employer.com.br\/tudo-do-rh\/webinar-emprega-mais-mulheres-certificado\/","url":"https:\/\/employer.com.br\/tudo-do-rh\/webinar-emprega-mais-mulheres-certificado\/","name":"Webinar Emprega + Mulheres | Certificado","isPartOf":{"@id":"https:\/\/employer.com.br\/tudo-do-rh\/#website"},"primaryImageOfPage":{"@id":"https:\/\/employer.com.br\/tudo-do-rh\/webinar-emprega-mais-mulheres-certificado\/#primaryimage"},"image":{"@id":"https:\/\/employer.com.br\/tudo-do-rh\/webinar-emprega-mais-mulheres-certificado\/#primaryimage"},"thumbnailUrl":"https:\/\/employer.com.br\/tudo-do-rh\/wp-content\/uploads\/2022\/01\/logo-e-azul.png","datePublished":"2023-08-10T13:04:22+00:00","dateModified":"2023-08-10T13:20:08+00:00","description":"Preencha uma r\u00e1pida pesquisa de satisfa\u00e7\u00e3o para gerar e acessar o seu certificado de participa\u00e7\u00e3o no webinar Emprega Mais Mulheres.","breadcrumb":{"@id":"https:\/\/employer.com.br\/tudo-do-rh\/webinar-emprega-mais-mulheres-certificado\/#breadcrumb"},"inLanguage":"pt-BR","potentialAction":[{"@type":"ReadAction","target":["https:\/\/employer.com.br\/tudo-do-rh\/webinar-emprega-mais-mulheres-certificado\/"]}]},{"@type":"ImageObject","inLanguage":"pt-BR","@id":"https:\/\/employer.com.br\/tudo-do-rh\/webinar-emprega-mais-mulheres-certificado\/#primaryimage","url":"https:\/\/employer.com.br\/tudo-do-rh\/wp-content\/uploads\/2022\/01\/logo-e-azul.png","contentUrl":"https:\/\/employer.com.br\/tudo-do-rh\/wp-content\/uploads\/2022\/01\/logo-e-azul.png","width":600,"height":600},{"@type":"BreadcrumbList","@id":"https:\/\/employer.com.br\/tudo-do-rh\/webinar-emprega-mais-mulheres-certificado\/#breadcrumb","itemListElement":[{"@type":"ListItem","position":1,"name":"In\u00edcio","item":"https:\/\/employer.com.br\/tudo-do-rh\/"},{"@type":"ListItem","position":2,"name":"Webinar Emprega + Mulheres| Certificado"}]},{"@type":"WebSite","@id":"https:\/\/employer.com.br\/tudo-do-rh\/#website","url":"https:\/\/employer.com.br\/tudo-do-rh\/","name":"Employer","description":"Legisla\u00e7\u00e3o | Gest\u00e3o de Pessoas | Tecnologia | RH Estrat\u00e9gico","publisher":{"@id":"https:\/\/employer.com.br\/tudo-do-rh\/#organization"},"potentialAction":[{"@type":"SearchAction","target":{"@type":"EntryPoint","urlTemplate":"https:\/\/employer.com.br\/tudo-do-rh\/?s={search_term_string}"},"query-input":{"@type":"PropertyValueSpecification","valueRequired":true,"valueName":"search_term_string"}}],"inLanguage":"pt-BR"},{"@type":"Organization","@id":"https:\/\/employer.com.br\/tudo-do-rh\/#organization","name":"Employer Summit","url":"https:\/\/employer.com.br\/tudo-do-rh\/","logo":{"@type":"ImageObject","inLanguage":"pt-BR","@id":"https:\/\/employer.com.br\/tudo-do-rh\/#\/schema\/logo\/image\/","url":"https:\/\/employer.com.br\/tudo-do-rh\/wp-content\/uploads\/2019\/08\/employersummit.com_.br_.jpg","contentUrl":"https:\/\/employer.com.br\/tudo-do-rh\/wp-content\/uploads\/2019\/08\/employersummit.com_.br_.jpg","width":700,"height":700,"caption":"Employer Summit"},"image":{"@id":"https:\/\/employer.com.br\/tudo-do-rh\/#\/schema\/logo\/image\/"},"sameAs":["https:\/\/www.facebook.com\/Employer.RH\/","https:\/\/x.com\/tudodorh","http:\/\/www.instagram.com\/rhemployer","https:\/\/br.linkedin.com\/company\/employer-rh","https:\/\/www.youtube.com\/channel\/UCYVTmy1gh7G1qjSSe-5xajw"]}]}},"_links":{"self":[{"href":"https:\/\/employer.com.br\/tudo-do-rh\/wp-json\/wp\/v2\/pages\/38193","targetHints":{"allow":["GET"]}}],"collection":[{"href":"https:\/\/employer.com.br\/tudo-do-rh\/wp-json\/wp\/v2\/pages"}],"about":[{"href":"https:\/\/employer.com.br\/tudo-do-rh\/wp-json\/wp\/v2\/types\/page"}],"author":[{"embeddable":true,"href":"https:\/\/employer.com.br\/tudo-do-rh\/wp-json\/wp\/v2\/users\/11"}],"replies":[{"embeddable":true,"href":"https:\/\/employer.com.br\/tudo-do-rh\/wp-json\/wp\/v2\/comments?post=38193"}],"version-history":[{"count":0,"href":"https:\/\/employer.com.br\/tudo-do-rh\/wp-json\/wp\/v2\/pages\/38193\/revisions"}],"wp:featuredmedia":[{"embeddable":true,"href":"https:\/\/employer.com.br\/tudo-do-rh\/wp-json\/wp\/v2\/media\/29896"}],"wp:attachment":[{"href":"https:\/\/employer.com.br\/tudo-do-rh\/wp-json\/wp\/v2\/media?parent=38193"}],"curies":[{"name":"wp","href":"https:\/\/api.w.org\/{rel}","templated":true}]}}