{"id":36091,"date":"2023-07-05T10:33:03","date_gmt":"2023-07-05T13:33:03","guid":{"rendered":"https:\/\/employer.com.br\/tudo-do-rh\/?page_id=36091"},"modified":"2023-07-19T16:08:41","modified_gmt":"2023-07-19T19:08:41","slug":"webinar-lideranca-e-esg-retorno","status":"publish","type":"page","link":"https:\/\/employer.com.br\/tudo-do-rh\/webinar-lideranca-e-esg-retorno\/","title":{"rendered":"Webinar Lideran\u00e7a Estrat\u00e9gica: O Papel do ESG no RH| Cadastro Confirmado"},"content":{"rendered":"\t\t<div data-elementor-type=\"wp-post\" data-elementor-id=\"36091\" class=\"elementor elementor-36091\" data-elementor-post-type=\"page\">\n\t\t\t\t\t\t<section class=\"elementor-section elementor-top-section elementor-element elementor-element-ae20f35 elementor-section-boxed elementor-section-height-default elementor-section-height-default\" data-id=\"ae20f35\" data-element_type=\"section\" id=\"contato\" data-settings=\"{&quot;background_background&quot;:&quot;classic&quot;}\">\n\t\t\t\t\t\t\t<div class=\"elementor-background-overlay\"><\/div>\n\t\t\t\t\t\t\t<div class=\"elementor-container elementor-column-gap-default\">\n\t\t\t\t\t<div class=\"elementor-column elementor-col-50 elementor-top-column elementor-element elementor-element-3e29476\" data-id=\"3e29476\" data-element_type=\"column\">\n\t\t\t<div class=\"elementor-widget-wrap elementor-element-populated\">\n\t\t\t\t\t\t<div class=\"elementor-element elementor-element-35f5752 elementor-widget elementor-widget-image\" data-id=\"35f5752\" data-element_type=\"widget\" data-widget_type=\"image.default\">\n\t\t\t\t<div class=\"elementor-widget-container\">\n\t\t\t\t\t\t\t\t\t\t\t\t\t\t\t<img fetchpriority=\"high\" decoding=\"async\" width=\"850\" height=\"793\" src=\"https:\/\/employer.com.br\/tudo-do-rh\/wp-content\/uploads\/2021\/07\/4cypk1jo9hs.png\" class=\"attachment-large size-large wp-image-28266\" alt=\"\" srcset=\"https:\/\/employer.com.br\/tudo-do-rh\/wp-content\/uploads\/2021\/07\/4cypk1jo9hs.png 850w, https:\/\/employer.com.br\/tudo-do-rh\/wp-content\/uploads\/2021\/07\/4cypk1jo9hs-300x280.png 300w, https:\/\/employer.com.br\/tudo-do-rh\/wp-content\/uploads\/2021\/07\/4cypk1jo9hs-768x716.png 768w\" sizes=\"(max-width: 850px) 100vw, 850px\" \/>\t\t\t\t\t\t\t\t\t\t\t\t\t\t\t<\/div>\n\t\t\t\t<\/div>\n\t\t\t\t\t<\/div>\n\t\t<\/div>\n\t\t\t\t<div class=\"elementor-column elementor-col-50 elementor-top-column elementor-element elementor-element-e4c6526\" data-id=\"e4c6526\" data-element_type=\"column\">\n\t\t\t<div class=\"elementor-widget-wrap elementor-element-populated\">\n\t\t\t\t\t\t<div class=\"elementor-element elementor-element-481b809 elementor-widget elementor-widget-heading\" data-id=\"481b809\" data-element_type=\"widget\" data-widget_type=\"heading.default\">\n\t\t\t\t<div class=\"elementor-widget-container\">\n\t\t\t\t\t<h2 class=\"elementor-heading-title elementor-size-default\">Cadastro realizado <b>com sucesso<\/b>!<\/h2>\t\t\t\t<\/div>\n\t\t\t\t<\/div>\n\t\t\t\t<div class=\"elementor-element elementor-element-ea75768 elementor-widget elementor-widget-text-editor\" data-id=\"ea75768\" data-element_type=\"widget\" data-widget_type=\"text-editor.default\">\n\t\t\t\t<div class=\"elementor-widget-container\">\n\t\t\t\t\t\t\t\t\tEm alguns instantes voc\u00ea receber\u00e1 a confirma\u00e7\u00e3o da sua inscri\u00e7\u00e3o e mais informa\u00e7\u00f5es no e-mail informado durante o cadastro. O link da transmiss\u00e3o ao vivo tamb\u00e9m ser\u00e1 enviado para seu e-mail no dia do evento.\t\t\t\t\t\t\t\t<\/div>\n\t\t\t\t<\/div>\n\t\t\t\t<div class=\"elementor-element elementor-element-8c8c918 elementor-widget elementor-widget-button\" data-id=\"8c8c918\" data-element_type=\"widget\" data-widget_type=\"button.default\">\n\t\t\t\t<div class=\"elementor-widget-container\">\n\t\t\t\t\t\t\t\t\t<div class=\"elementor-button-wrapper\">\n\t\t\t\t\t<a class=\"elementor-button elementor-button-link elementor-size-sm\" href=\"https:\/\/employer.com.br\/tudo-do-rh\/webinar-lideranca-e-esg-ao-vivo\/\" target=\"_blank\">\n\t\t\t\t\t\t<span class=\"elementor-button-content-wrapper\">\n\t\t\t\t\t\t<span class=\"elementor-button-icon\">\n\t\t\t\t<svg aria-hidden=\"true\" class=\"e-font-icon-svg e-fas-video\" viewBox=\"0 0 576 512\" xmlns=\"http:\/\/www.w3.org\/2000\/svg\"><path d=\"M336.2 64H47.8C21.4 64 0 85.4 0 111.8v288.4C0 426.6 21.4 448 47.8 448h288.4c26.4 0 47.8-21.4 47.8-47.8V111.8c0-26.4-21.4-47.8-47.8-47.8zm189.4 37.7L416 177.3v157.4l109.6 75.5c21.2 14.6 50.4-.3 50.4-25.8V127.5c0-25.4-29.1-40.4-50.4-25.8z\"><\/path><\/svg>\t\t\t<\/span>\n\t\t\t\t\t\t\t\t\t<span class=\"elementor-button-text\"> clique aqui para acessar o webinar<\/span>\n\t\t\t\t\t<\/span>\n\t\t\t\t\t<\/a>\n\t\t\t\t<\/div>\n\t\t\t\t\t\t\t\t<\/div>\n\t\t\t\t<\/div>\n\t\t\t\t<div class=\"elementor-element elementor-element-d28455f elementor-hidden-desktop elementor-hidden-tablet elementor-hidden-mobile elementor-widget elementor-widget-text-editor\" data-id=\"d28455f\" data-element_type=\"widget\" data-widget_type=\"text-editor.default\">\n\t\t\t\t<div class=\"elementor-widget-container\">\n\t\t\t\t\t\t\t\t\t<p><span style=\"font-size: 16px;\">Agora, siga os <\/span><strong style=\"font-size: 16px;\">3 passos<\/strong><span style=\"font-size: 16px;\"> para aproveitar o webinar da melhor forma:<\/span><\/p>\t\t\t\t\t\t\t\t<\/div>\n\t\t\t\t<\/div>\n\t\t\t\t<div class=\"elementor-element elementor-element-cd3045c elementor-widget elementor-widget-heading\" data-id=\"cd3045c\" data-element_type=\"widget\" data-widget_type=\"heading.default\">\n\t\t\t\t<div class=\"elementor-widget-container\">\n\t\t\t\t\t<h2 class=\"elementor-heading-title elementor-size-default\">Anote na <b>agenda<\/b><\/h2>\t\t\t\t<\/div>\n\t\t\t\t<\/div>\n\t\t\t\t<div class=\"elementor-element elementor-element-0d38700 elementor-widget elementor-widget-text-editor\" data-id=\"0d38700\" data-element_type=\"widget\" data-widget_type=\"text-editor.default\">\n\t\t\t\t<div class=\"elementor-widget-container\">\n\t\t\t\t\t\t\t\t\t<p>Garanta que sua agenda estar\u00e1 livre adicionando o evento no seu calend\u00e1rio. Basta clicar no bot\u00e3o abaixo.<\/p>\t\t\t\t\t\t\t\t<\/div>\n\t\t\t\t<\/div>\n\t\t\t\t<div class=\"elementor-element elementor-element-ee7f3e4 elementor-widget elementor-widget-button\" data-id=\"ee7f3e4\" data-element_type=\"widget\" data-widget_type=\"button.default\">\n\t\t\t\t<div class=\"elementor-widget-container\">\n\t\t\t\t\t\t\t\t\t<div class=\"elementor-button-wrapper\">\n\t\t\t\t\t<a class=\"elementor-button elementor-button-link elementor-size-sm\" href=\"https:\/\/calendar.google.com\/calendar\/u\/0\/r\/eventedit\/copy\/MmpiOG5waDhrZnY4MTJhdWduZWRkbGpzOXQgZW1wbG95ZXJta3RAbQ\/YWxpbmVnYWJyaWVsZTEzMUBnbWFpbC5jb20\" target=\"_blank\">\n\t\t\t\t\t\t<span class=\"elementor-button-content-wrapper\">\n\t\t\t\t\t\t<span class=\"elementor-button-icon\">\n\t\t\t\t<svg aria-hidden=\"true\" class=\"e-font-icon-svg e-far-calendar-check\" viewBox=\"0 0 448 512\" xmlns=\"http:\/\/www.w3.org\/2000\/svg\"><path d=\"M400 64h-48V12c0-6.627-5.373-12-12-12h-40c-6.627 0-12 5.373-12 12v52H160V12c0-6.627-5.373-12-12-12h-40c-6.627 0-12 5.373-12 12v52H48C21.49 64 0 85.49 0 112v352c0 26.51 21.49 48 48 48h352c26.51 0 48-21.49 48-48V112c0-26.51-21.49-48-48-48zm-6 400H54a6 6 0 0 1-6-6V160h352v298a6 6 0 0 1-6 6zm-52.849-200.65L198.842 404.519c-4.705 4.667-12.303 4.637-16.971-.068l-75.091-75.699c-4.667-4.705-4.637-12.303.068-16.971l22.719-22.536c4.705-4.667 12.303-4.637 16.97.069l44.104 44.461 111.072-110.181c4.705-4.667 12.303-4.637 16.971.068l22.536 22.718c4.667 4.705 4.636 12.303-.069 16.97z\"><\/path><\/svg>\t\t\t<\/span>\n\t\t\t\t\t\t\t\t\t<span class=\"elementor-button-text\">adicione o evento na sua agenda<\/span>\n\t\t\t\t\t<\/span>\n\t\t\t\t\t<\/a>\n\t\t\t\t<\/div>\n\t\t\t\t\t\t\t\t<\/div>\n\t\t\t\t<\/div>\n\t\t\t\t<div class=\"elementor-element elementor-element-1af0f3a elementor-widget elementor-widget-heading\" data-id=\"1af0f3a\" data-element_type=\"widget\" data-widget_type=\"heading.default\">\n\t\t\t\t<div class=\"elementor-widget-container\">\n\t\t\t\t\t<h2 class=\"elementor-heading-title elementor-size-default\">Entre no <b>Grupo do Telegram<\/b><\/h2>\t\t\t\t<\/div>\n\t\t\t\t<\/div>\n\t\t\t\t<div class=\"elementor-element elementor-element-e6fefa2 elementor-widget elementor-widget-text-editor\" data-id=\"e6fefa2\" data-element_type=\"widget\" data-widget_type=\"text-editor.default\">\n\t\t\t\t<div class=\"elementor-widget-container\">\n\t\t\t\t\t\t\t\t\t<p>Receba as atualiza\u00e7\u00f5es e avisos sobre nossos eventos e materiais exclusivos. Fa\u00e7a parte do <strong>Grupo Tudo do RH<\/strong> \ud83d\udc99.<\/p>\t\t\t\t\t\t\t\t<\/div>\n\t\t\t\t<\/div>\n\t\t\t\t<div class=\"elementor-element elementor-element-68f7dd6 elementor-widget elementor-widget-button\" data-id=\"68f7dd6\" data-element_type=\"widget\" data-widget_type=\"button.default\">\n\t\t\t\t<div class=\"elementor-widget-container\">\n\t\t\t\t\t\t\t\t\t<div class=\"elementor-button-wrapper\">\n\t\t\t\t\t<a class=\"elementor-button elementor-button-link elementor-size-sm\" href=\"https:\/\/t.me\/+OnpW11e36L9hOTIx\" target=\"_blank\">\n\t\t\t\t\t\t<span class=\"elementor-button-content-wrapper\">\n\t\t\t\t\t\t<span class=\"elementor-button-icon\">\n\t\t\t\t<svg aria-hidden=\"true\" class=\"e-font-icon-svg e-fab-telegram-plane\" viewBox=\"0 0 448 512\" xmlns=\"http:\/\/www.w3.org\/2000\/svg\"><path d=\"M446.7 98.6l-67.6 318.8c-5.1 22.5-18.4 28.1-37.3 17.5l-103-75.9-49.7 47.8c-5.5 5.5-10.1 10.1-20.7 10.1l7.4-104.9 190.9-172.5c8.3-7.4-1.8-11.5-12.9-4.1L117.8 284 16.2 252.2c-22.1-6.9-22.5-22.1 4.6-32.7L418.2 66.4c18.4-6.9 34.5 4.1 28.5 32.2z\"><\/path><\/svg>\t\t\t<\/span>\n\t\t\t\t\t\t\t\t\t<span class=\"elementor-button-text\">fa\u00e7a parte do Grupo Tudo do RH no Telegram<\/span>\n\t\t\t\t\t<\/span>\n\t\t\t\t\t<\/a>\n\t\t\t\t<\/div>\n\t\t\t\t\t\t\t\t<\/div>\n\t\t\t\t<\/div>\n\t\t\t\t\t<\/div>\n\t\t<\/div>\n\t\t\t\t\t<\/div>\n\t\t<\/section>\n\t\t\t\t<section class=\"elementor-section elementor-top-section elementor-element elementor-element-11c6c093 elementor-section-boxed elementor-section-height-default elementor-section-height-default\" data-id=\"11c6c093\" data-element_type=\"section\" data-settings=\"{&quot;background_background&quot;:&quot;classic&quot;}\">\n\t\t\t\t\t\t<div class=\"elementor-container elementor-column-gap-default\">\n\t\t\t\t\t<div class=\"elementor-column elementor-col-100 elementor-top-column elementor-element elementor-element-c2d4d27\" data-id=\"c2d4d27\" data-element_type=\"column\">\n\t\t\t<div class=\"elementor-widget-wrap elementor-element-populated\">\n\t\t\t\t\t\t<div class=\"elementor-element elementor-element-5b27a09e elementor-widget elementor-widget-image\" data-id=\"5b27a09e\" data-element_type=\"widget\" data-widget_type=\"image.default\">\n\t\t\t\t<div class=\"elementor-widget-container\">\n\t\t\t\t\t\t\t\t\t\t\t\t\t\t\t\t<a href=\"https:\/\/www.employer.com.br\/\" target=\"_blank\">\n\t\t\t\t\t\t\t<img decoding=\"async\" width=\"167\" height=\"63\" src=\"https:\/\/employer.com.br\/tudo-do-rh\/wp-content\/uploads\/2019\/08\/employer-branca-e1564774158768.png\" class=\"attachment-large size-large wp-image-27433\" alt=\"\" \/>\t\t\t\t\t\t\t\t<\/a>\n\t\t\t\t\t\t\t\t\t\t\t\t\t\t\t<\/div>\n\t\t\t\t<\/div>\n\t\t\t\t<section class=\"elementor-section elementor-inner-section elementor-element elementor-element-59926864 elementor-section-boxed elementor-section-height-default elementor-section-height-default\" data-id=\"59926864\" data-element_type=\"section\">\n\t\t\t\t\t\t<div class=\"elementor-container elementor-column-gap-default\">\n\t\t\t\t\t<div class=\"elementor-column elementor-col-33 elementor-inner-column elementor-element elementor-element-65e55781\" data-id=\"65e55781\" data-element_type=\"column\">\n\t\t\t<div class=\"elementor-widget-wrap elementor-element-populated\">\n\t\t\t\t\t\t<div class=\"elementor-element elementor-element-7d0649ef elementor-widget elementor-widget-text-editor\" data-id=\"7d0649ef\" data-element_type=\"widget\" data-widget_type=\"text-editor.default\">\n\t\t\t\t<div class=\"elementor-widget-container\">\n\t\t\t\t\t\t\t\t\t<p style=\"padding: 0; margin: 0;\">+ 36<\/p>\t\t\t\t\t\t\t\t<\/div>\n\t\t\t\t<\/div>\n\t\t\t\t<div class=\"elementor-element elementor-element-512e0956 elementor-widget elementor-widget-text-editor\" data-id=\"512e0956\" data-element_type=\"widget\" data-widget_type=\"text-editor.default\">\n\t\t\t\t<div class=\"elementor-widget-container\">\n\t\t\t\t\t\t\t\t\t<p style=\"padding: 0; margin: 0;\">ANOS DE EXPERI\u00caNCIA EM RH<\/p>\t\t\t\t\t\t\t\t<\/div>\n\t\t\t\t<\/div>\n\t\t\t\t\t<\/div>\n\t\t<\/div>\n\t\t\t\t<div class=\"elementor-column elementor-col-33 elementor-inner-column elementor-element elementor-element-5eb8d363\" data-id=\"5eb8d363\" data-element_type=\"column\">\n\t\t\t<div class=\"elementor-widget-wrap elementor-element-populated\">\n\t\t\t\t\t\t<div class=\"elementor-element elementor-element-2e3f4277 elementor-widget elementor-widget-text-editor\" data-id=\"2e3f4277\" data-element_type=\"widget\" data-widget_type=\"text-editor.default\">\n\t\t\t\t<div class=\"elementor-widget-container\">\n\t\t\t\t\t\t\t\t\t<p style=\"padding: 0; margin: 0;\">+ 600<\/p>\t\t\t\t\t\t\t\t<\/div>\n\t\t\t\t<\/div>\n\t\t\t\t<div class=\"elementor-element elementor-element-f236c75 elementor-widget elementor-widget-text-editor\" data-id=\"f236c75\" data-element_type=\"widget\" data-widget_type=\"text-editor.default\">\n\t\t\t\t<div class=\"elementor-widget-container\">\n\t\t\t\t\t\t\t\t\t<p style=\"padding: 0; margin: 0;\">ESPECIALISTAS EM RH<\/p>\t\t\t\t\t\t\t\t<\/div>\n\t\t\t\t<\/div>\n\t\t\t\t\t<\/div>\n\t\t<\/div>\n\t\t\t\t<div class=\"elementor-column elementor-col-33 elementor-inner-column elementor-element elementor-element-dd13fa4\" data-id=\"dd13fa4\" data-element_type=\"column\">\n\t\t\t<div class=\"elementor-widget-wrap elementor-element-populated\">\n\t\t\t\t\t\t<div class=\"elementor-element elementor-element-4be1eb83 elementor-widget elementor-widget-text-editor\" data-id=\"4be1eb83\" data-element_type=\"widget\" data-widget_type=\"text-editor.default\">\n\t\t\t\t<div class=\"elementor-widget-container\">\n\t\t\t\t\t\t\t\t\t<p style=\"padding: 0; margin: 0;\">+ 50 mil<\/p>\t\t\t\t\t\t\t\t<\/div>\n\t\t\t\t<\/div>\n\t\t\t\t<div class=\"elementor-element elementor-element-62d2702f elementor-widget elementor-widget-text-editor\" data-id=\"62d2702f\" data-element_type=\"widget\" data-widget_type=\"text-editor.default\">\n\t\t\t\t<div class=\"elementor-widget-container\">\n\t\t\t\t\t\t\t\t\t<p style=\"padding: 0; margin: 0;\">CLIENTES ATENDIDOS<\/p>\t\t\t\t\t\t\t\t<\/div>\n\t\t\t\t<\/div>\n\t\t\t\t\t<\/div>\n\t\t<\/div>\n\t\t\t\t\t<\/div>\n\t\t<\/section>\n\t\t\t\t\t<\/div>\n\t\t<\/div>\n\t\t\t\t\t<\/div>\n\t\t<\/section>\n\t\t\t\t<\/div>\n\t\t","protected":false},"excerpt":{"rendered":"<p>Cadastro realizado com sucesso! Em alguns instantes voc\u00ea receber\u00e1 a confirma\u00e7\u00e3o da sua inscri\u00e7\u00e3o e mais informa\u00e7\u00f5es no e-mail informado durante o cadastro. O link da transmiss\u00e3o ao vivo tamb\u00e9m ser\u00e1 enviado para seu e-mail no dia do evento. clique aqui para acessar o webinar Agora, siga os 3 passos para aproveitar o webinar da [&hellip;]<\/p>\n","protected":false},"author":11,"featured_media":29603,"parent":0,"menu_order":0,"comment_status":"closed","ping_status":"closed","template":"templates\/landing.php","meta":{"footnotes":""},"class_list":["post-36091","page","type-page","status-publish","has-post-thumbnail","hentry","entry","has-media"],"yoast_head":"<!-- This site is optimized with the Yoast SEO plugin v26.5 - https:\/\/yoast.com\/wordpress\/plugins\/seo\/ -->\n<title>Webinar Lideran\u00e7a Estrat\u00e9gica: O Papel do ESG no RH | Cadastro Confirmado<\/title>\n<meta name=\"description\" content=\"Cadastro realizado com sucesso! Aproveite para entrar no grupo do Telegram, adicionar o evento na sua agenda e compartilh\u00e1-lo com sua equipe.\" \/>\n<meta name=\"robots\" content=\"index, follow, max-snippet:-1, max-image-preview:large, max-video-preview:-1\" \/>\n<link rel=\"canonical\" href=\"https:\/\/employer.com.br\/tudo-do-rh\/webinar-lideranca-e-esg-retorno\/\" \/>\n<meta property=\"og:locale\" content=\"pt_BR\" \/>\n<meta property=\"og:type\" content=\"article\" \/>\n<meta property=\"og:title\" content=\"Webinar Lideran\u00e7a Estrat\u00e9gica: O Papel do ESG no RH | Cadastro Confirmado\" \/>\n<meta property=\"og:description\" content=\"Cadastro realizado com sucesso! Aproveite para entrar no grupo do Telegram, adicionar o evento na sua agenda e compartilh\u00e1-lo com sua equipe.\" \/>\n<meta property=\"og:url\" content=\"https:\/\/employer.com.br\/tudo-do-rh\/webinar-lideranca-e-esg-retorno\/\" \/>\n<meta property=\"og:site_name\" content=\"Employer\" \/>\n<meta property=\"article:publisher\" content=\"https:\/\/www.facebook.com\/Employer.RH\/\" \/>\n<meta property=\"article:modified_time\" content=\"2023-07-19T19:08:41+00:00\" \/>\n<meta property=\"og:image\" content=\"https:\/\/employer.com.br\/tudo-do-rh\/wp-content\/uploads\/2021\/09\/logo-e-azul.png\" \/>\n\t<meta property=\"og:image:width\" content=\"600\" \/>\n\t<meta property=\"og:image:height\" content=\"600\" \/>\n\t<meta property=\"og:image:type\" content=\"image\/png\" \/>\n<meta name=\"twitter:card\" content=\"summary_large_image\" \/>\n<meta name=\"twitter:site\" content=\"@tudodorh\" \/>\n<meta name=\"twitter:label1\" content=\"Est. tempo de leitura\" \/>\n\t<meta name=\"twitter:data1\" content=\"2 minutos\" \/>\n<!-- \/ Yoast SEO plugin. -->","yoast_head_json":{"title":"Webinar Lideran\u00e7a Estrat\u00e9gica: O Papel do ESG no RH | Cadastro Confirmado","description":"Cadastro realizado com sucesso! Aproveite para entrar no grupo do Telegram, adicionar o evento na sua agenda e compartilh\u00e1-lo com sua equipe.","robots":{"index":"index","follow":"follow","max-snippet":"max-snippet:-1","max-image-preview":"max-image-preview:large","max-video-preview":"max-video-preview:-1"},"canonical":"https:\/\/employer.com.br\/tudo-do-rh\/webinar-lideranca-e-esg-retorno\/","og_locale":"pt_BR","og_type":"article","og_title":"Webinar Lideran\u00e7a Estrat\u00e9gica: O Papel do ESG no RH | Cadastro Confirmado","og_description":"Cadastro realizado com sucesso! Aproveite para entrar no grupo do Telegram, adicionar o evento na sua agenda e compartilh\u00e1-lo com sua equipe.","og_url":"https:\/\/employer.com.br\/tudo-do-rh\/webinar-lideranca-e-esg-retorno\/","og_site_name":"Employer","article_publisher":"https:\/\/www.facebook.com\/Employer.RH\/","article_modified_time":"2023-07-19T19:08:41+00:00","og_image":[{"width":600,"height":600,"url":"https:\/\/employer.com.br\/tudo-do-rh\/wp-content\/uploads\/2021\/09\/logo-e-azul.png","type":"image\/png"}],"twitter_card":"summary_large_image","twitter_site":"@tudodorh","twitter_misc":{"Est. tempo de leitura":"2 minutos"},"schema":{"@context":"https:\/\/schema.org","@graph":[{"@type":"WebPage","@id":"https:\/\/employer.com.br\/tudo-do-rh\/webinar-lideranca-e-esg-retorno\/","url":"https:\/\/employer.com.br\/tudo-do-rh\/webinar-lideranca-e-esg-retorno\/","name":"Webinar Lideran\u00e7a Estrat\u00e9gica: O Papel do ESG no RH | Cadastro Confirmado","isPartOf":{"@id":"https:\/\/employer.com.br\/tudo-do-rh\/#website"},"primaryImageOfPage":{"@id":"https:\/\/employer.com.br\/tudo-do-rh\/webinar-lideranca-e-esg-retorno\/#primaryimage"},"image":{"@id":"https:\/\/employer.com.br\/tudo-do-rh\/webinar-lideranca-e-esg-retorno\/#primaryimage"},"thumbnailUrl":"https:\/\/employer.com.br\/tudo-do-rh\/wp-content\/uploads\/2021\/09\/logo-e-azul.png","datePublished":"2023-07-05T13:33:03+00:00","dateModified":"2023-07-19T19:08:41+00:00","description":"Cadastro realizado com sucesso! Aproveite para entrar no grupo do Telegram, adicionar o evento na sua agenda e compartilh\u00e1-lo com sua equipe.","breadcrumb":{"@id":"https:\/\/employer.com.br\/tudo-do-rh\/webinar-lideranca-e-esg-retorno\/#breadcrumb"},"inLanguage":"pt-BR","potentialAction":[{"@type":"ReadAction","target":["https:\/\/employer.com.br\/tudo-do-rh\/webinar-lideranca-e-esg-retorno\/"]}]},{"@type":"ImageObject","inLanguage":"pt-BR","@id":"https:\/\/employer.com.br\/tudo-do-rh\/webinar-lideranca-e-esg-retorno\/#primaryimage","url":"https:\/\/employer.com.br\/tudo-do-rh\/wp-content\/uploads\/2021\/09\/logo-e-azul.png","contentUrl":"https:\/\/employer.com.br\/tudo-do-rh\/wp-content\/uploads\/2021\/09\/logo-e-azul.png","width":600,"height":600},{"@type":"BreadcrumbList","@id":"https:\/\/employer.com.br\/tudo-do-rh\/webinar-lideranca-e-esg-retorno\/#breadcrumb","itemListElement":[{"@type":"ListItem","position":1,"name":"In\u00edcio","item":"https:\/\/employer.com.br\/tudo-do-rh\/"},{"@type":"ListItem","position":2,"name":"Webinar Lideran\u00e7a Estrat\u00e9gica: O Papel do ESG no RH| Cadastro Confirmado"}]},{"@type":"WebSite","@id":"https:\/\/employer.com.br\/tudo-do-rh\/#website","url":"https:\/\/employer.com.br\/tudo-do-rh\/","name":"Employer","description":"Legisla\u00e7\u00e3o | Gest\u00e3o de Pessoas | Tecnologia | RH Estrat\u00e9gico","publisher":{"@id":"https:\/\/employer.com.br\/tudo-do-rh\/#organization"},"potentialAction":[{"@type":"SearchAction","target":{"@type":"EntryPoint","urlTemplate":"https:\/\/employer.com.br\/tudo-do-rh\/?s={search_term_string}"},"query-input":{"@type":"PropertyValueSpecification","valueRequired":true,"valueName":"search_term_string"}}],"inLanguage":"pt-BR"},{"@type":"Organization","@id":"https:\/\/employer.com.br\/tudo-do-rh\/#organization","name":"Employer Summit","url":"https:\/\/employer.com.br\/tudo-do-rh\/","logo":{"@type":"ImageObject","inLanguage":"pt-BR","@id":"https:\/\/employer.com.br\/tudo-do-rh\/#\/schema\/logo\/image\/","url":"https:\/\/employer.com.br\/tudo-do-rh\/wp-content\/uploads\/2019\/08\/employersummit.com_.br_.jpg","contentUrl":"https:\/\/employer.com.br\/tudo-do-rh\/wp-content\/uploads\/2019\/08\/employersummit.com_.br_.jpg","width":700,"height":700,"caption":"Employer Summit"},"image":{"@id":"https:\/\/employer.com.br\/tudo-do-rh\/#\/schema\/logo\/image\/"},"sameAs":["https:\/\/www.facebook.com\/Employer.RH\/","https:\/\/x.com\/tudodorh","http:\/\/www.instagram.com\/rhemployer","https:\/\/br.linkedin.com\/company\/employer-rh","https:\/\/www.youtube.com\/channel\/UCYVTmy1gh7G1qjSSe-5xajw"]}]}},"_links":{"self":[{"href":"https:\/\/employer.com.br\/tudo-do-rh\/wp-json\/wp\/v2\/pages\/36091","targetHints":{"allow":["GET"]}}],"collection":[{"href":"https:\/\/employer.com.br\/tudo-do-rh\/wp-json\/wp\/v2\/pages"}],"about":[{"href":"https:\/\/employer.com.br\/tudo-do-rh\/wp-json\/wp\/v2\/types\/page"}],"author":[{"embeddable":true,"href":"https:\/\/employer.com.br\/tudo-do-rh\/wp-json\/wp\/v2\/users\/11"}],"replies":[{"embeddable":true,"href":"https:\/\/employer.com.br\/tudo-do-rh\/wp-json\/wp\/v2\/comments?post=36091"}],"version-history":[{"count":0,"href":"https:\/\/employer.com.br\/tudo-do-rh\/wp-json\/wp\/v2\/pages\/36091\/revisions"}],"wp:featuredmedia":[{"embeddable":true,"href":"https:\/\/employer.com.br\/tudo-do-rh\/wp-json\/wp\/v2\/media\/29603"}],"wp:attachment":[{"href":"https:\/\/employer.com.br\/tudo-do-rh\/wp-json\/wp\/v2\/media?parent=36091"}],"curies":[{"name":"wp","href":"https:\/\/api.w.org\/{rel}","templated":true}]}}