{"id":35859,"date":"2023-06-20T14:43:25","date_gmt":"2023-06-20T17:43:25","guid":{"rendered":"https:\/\/employer.com.br\/tudo-do-rh\/?page_id=35859"},"modified":"2023-06-20T15:37:58","modified_gmt":"2023-06-20T18:37:58","slug":"webinar-esocial-no-rh-certificado","status":"publish","type":"page","link":"https:\/\/employer.com.br\/tudo-do-rh\/webinar-esocial-no-rh-certificado\/","title":{"rendered":"Webinar eSocial no RH | Certificado"},"content":{"rendered":"\t\t<div data-elementor-type=\"wp-post\" data-elementor-id=\"35859\" class=\"elementor elementor-35859\" data-elementor-post-type=\"page\">\n\t\t\t\t\t\t<section class=\"elementor-section elementor-top-section elementor-element elementor-element-20024b6 elementor-section-boxed elementor-section-height-default elementor-section-height-default\" data-id=\"20024b6\" data-element_type=\"section\">\n\t\t\t\t\t\t<div class=\"elementor-container elementor-column-gap-default\">\n\t\t\t\t\t<div class=\"elementor-column elementor-col-100 elementor-top-column elementor-element elementor-element-6d11a31\" data-id=\"6d11a31\" data-element_type=\"column\">\n\t\t\t<div class=\"elementor-widget-wrap elementor-element-populated\">\n\t\t\t\t\t\t<div class=\"elementor-element elementor-element-6554166 elementor-widget__width-initial elementor-widget elementor-widget-heading\" data-id=\"6554166\" data-element_type=\"widget\" data-widget_type=\"heading.default\">\n\t\t\t\t<div class=\"elementor-widget-container\">\n\t\t\t\t\t<h1 class=\"elementor-heading-title elementor-size-default\">Certificado Webinar Employer<\/h1>\t\t\t\t<\/div>\n\t\t\t\t<\/div>\n\t\t\t\t<div class=\"elementor-element elementor-element-71e6545 elementor-widget__width-initial elementor-widget elementor-widget-heading\" data-id=\"71e6545\" data-element_type=\"widget\" data-widget_type=\"heading.default\">\n\t\t\t\t<div class=\"elementor-widget-container\">\n\t\t\t\t\t<h2 class=\"elementor-heading-title elementor-size-default\">eSocial no RH - 22\/06 das 14h \u00e0s 15h<\/h2>\t\t\t\t<\/div>\n\t\t\t\t<\/div>\n\t\t\t\t<div class=\"elementor-element elementor-element-a77754e elementor-widget elementor-widget-text-editor\" data-id=\"a77754e\" data-element_type=\"widget\" data-widget_type=\"text-editor.default\">\n\t\t\t\t<div class=\"elementor-widget-container\">\n\t\t\t\t\t\t\t\t\t<p><span style=\"font-size: 16px;\">Sua opini\u00e3o \u00e9 muito importante para n\u00f3s!\u00a0<\/span><span style=\"font-size: 16px;\">Responda a essas r\u00e1pidas perguntas para ter acesso ao seu certificado.<\/span><\/p>\t\t\t\t\t\t\t\t<\/div>\n\t\t\t\t<\/div>\n\t\t\t\t<section class=\"elementor-section elementor-inner-section elementor-element elementor-element-0d0b0d3 elementor-section-boxed elementor-section-height-default elementor-section-height-default\" data-id=\"0d0b0d3\" data-element_type=\"section\">\n\t\t\t\t\t\t<div class=\"elementor-container elementor-column-gap-default\">\n\t\t\t\t\t<div class=\"elementor-column elementor-col-100 elementor-inner-column elementor-element elementor-element-87f0372\" data-id=\"87f0372\" data-element_type=\"column\">\n\t\t\t<div class=\"elementor-widget-wrap elementor-element-populated\">\n\t\t\t\t\t\t<div class=\"elementor-element elementor-element-cc7a51a elementor-widget elementor-widget-html\" data-id=\"cc7a51a\" data-element_type=\"widget\" data-widget_type=\"html.default\">\n\t\t\t\t<div class=\"elementor-widget-container\">\n\t\t\t\t\t<div role=\"main\" id=\"webinar-esocial-no-rh-22-06-23-certificado-61dc48f343eb503365f9\"><\/div><script type=\"text\/javascript\" src=\"https:\/\/d335luupugsy2.cloudfront.net\/js\/rdstation-forms\/stable\/rdstation-forms.min.js\"><\/script><script type=\"text\/javascript\"> new RDStationForms('webinar-esocial-no-rh-22-06-23-certificado-61dc48f343eb503365f9', 'UA-145666093-1').createForm();<\/script>\t\t\t\t<\/div>\n\t\t\t\t<\/div>\n\t\t\t\t\t<\/div>\n\t\t<\/div>\n\t\t\t\t\t<\/div>\n\t\t<\/section>\n\t\t\t\t\t<\/div>\n\t\t<\/div>\n\t\t\t\t\t<\/div>\n\t\t<\/section>\n\t\t\t\t<\/div>\n\t\t","protected":false},"excerpt":{"rendered":"<p>Certificado Webinar Employer eSocial no RH &#8211; 22\/06 das 14h \u00e0s 15h Sua opini\u00e3o \u00e9 muito importante para n\u00f3s!&nbsp;Responda a essas r\u00e1pidas perguntas para ter acesso ao seu certificado.<\/p>\n","protected":false},"author":11,"featured_media":29896,"parent":0,"menu_order":0,"comment_status":"closed","ping_status":"closed","template":"templates\/landing.php","meta":{"footnotes":""},"class_list":["post-35859","page","type-page","status-publish","has-post-thumbnail","hentry","entry","has-media"],"yoast_head":"<!-- This site is optimized with the Yoast SEO plugin v26.5 - https:\/\/yoast.com\/wordpress\/plugins\/seo\/ -->\n<title>Webinar eSocial no RH | Certificado<\/title>\n<meta name=\"description\" content=\"Preencha uma r\u00e1pida pesquisa de satisfa\u00e7\u00e3o para gerar e acessar o seu certificado de participa\u00e7\u00e3o no Webinar eSocial no RH.\" \/>\n<meta name=\"robots\" content=\"index, follow, max-snippet:-1, max-image-preview:large, max-video-preview:-1\" \/>\n<link rel=\"canonical\" href=\"https:\/\/employer.com.br\/tudo-do-rh\/webinar-esocial-no-rh-certificado\/\" \/>\n<meta property=\"og:locale\" content=\"pt_BR\" \/>\n<meta property=\"og:type\" content=\"article\" \/>\n<meta property=\"og:title\" content=\"Webinar eSocial no RH | Certificado\" \/>\n<meta property=\"og:description\" content=\"Preencha uma r\u00e1pida pesquisa de satisfa\u00e7\u00e3o para gerar e acessar o seu certificado de participa\u00e7\u00e3o no Webinar eSocial no RH.\" \/>\n<meta property=\"og:url\" content=\"https:\/\/employer.com.br\/tudo-do-rh\/webinar-esocial-no-rh-certificado\/\" \/>\n<meta property=\"og:site_name\" content=\"Employer\" \/>\n<meta property=\"article:publisher\" content=\"https:\/\/www.facebook.com\/Employer.RH\/\" \/>\n<meta property=\"article:modified_time\" content=\"2023-06-20T18:37:58+00:00\" \/>\n<meta property=\"og:image\" content=\"https:\/\/employer.com.br\/tudo-do-rh\/wp-content\/uploads\/2022\/01\/logo-e-azul.png\" \/>\n\t<meta property=\"og:image:width\" content=\"600\" \/>\n\t<meta property=\"og:image:height\" content=\"600\" \/>\n\t<meta property=\"og:image:type\" content=\"image\/png\" \/>\n<meta name=\"twitter:card\" content=\"summary_large_image\" \/>\n<meta name=\"twitter:site\" content=\"@tudodorh\" \/>\n<meta name=\"twitter:label1\" content=\"Est. tempo de leitura\" \/>\n\t<meta name=\"twitter:data1\" content=\"1 minuto\" \/>\n<!-- \/ Yoast SEO plugin. -->","yoast_head_json":{"title":"Webinar eSocial no RH | Certificado","description":"Preencha uma r\u00e1pida pesquisa de satisfa\u00e7\u00e3o para gerar e acessar o seu certificado de participa\u00e7\u00e3o no Webinar eSocial no RH.","robots":{"index":"index","follow":"follow","max-snippet":"max-snippet:-1","max-image-preview":"max-image-preview:large","max-video-preview":"max-video-preview:-1"},"canonical":"https:\/\/employer.com.br\/tudo-do-rh\/webinar-esocial-no-rh-certificado\/","og_locale":"pt_BR","og_type":"article","og_title":"Webinar eSocial no RH | Certificado","og_description":"Preencha uma r\u00e1pida pesquisa de satisfa\u00e7\u00e3o para gerar e acessar o seu certificado de participa\u00e7\u00e3o no Webinar eSocial no RH.","og_url":"https:\/\/employer.com.br\/tudo-do-rh\/webinar-esocial-no-rh-certificado\/","og_site_name":"Employer","article_publisher":"https:\/\/www.facebook.com\/Employer.RH\/","article_modified_time":"2023-06-20T18:37:58+00:00","og_image":[{"width":600,"height":600,"url":"https:\/\/employer.com.br\/tudo-do-rh\/wp-content\/uploads\/2022\/01\/logo-e-azul.png","type":"image\/png"}],"twitter_card":"summary_large_image","twitter_site":"@tudodorh","twitter_misc":{"Est. tempo de leitura":"1 minuto"},"schema":{"@context":"https:\/\/schema.org","@graph":[{"@type":"WebPage","@id":"https:\/\/employer.com.br\/tudo-do-rh\/webinar-esocial-no-rh-certificado\/","url":"https:\/\/employer.com.br\/tudo-do-rh\/webinar-esocial-no-rh-certificado\/","name":"Webinar eSocial no RH | Certificado","isPartOf":{"@id":"https:\/\/employer.com.br\/tudo-do-rh\/#website"},"primaryImageOfPage":{"@id":"https:\/\/employer.com.br\/tudo-do-rh\/webinar-esocial-no-rh-certificado\/#primaryimage"},"image":{"@id":"https:\/\/employer.com.br\/tudo-do-rh\/webinar-esocial-no-rh-certificado\/#primaryimage"},"thumbnailUrl":"https:\/\/employer.com.br\/tudo-do-rh\/wp-content\/uploads\/2022\/01\/logo-e-azul.png","datePublished":"2023-06-20T17:43:25+00:00","dateModified":"2023-06-20T18:37:58+00:00","description":"Preencha uma r\u00e1pida pesquisa de satisfa\u00e7\u00e3o para gerar e acessar o seu certificado de participa\u00e7\u00e3o no Webinar eSocial no RH.","breadcrumb":{"@id":"https:\/\/employer.com.br\/tudo-do-rh\/webinar-esocial-no-rh-certificado\/#breadcrumb"},"inLanguage":"pt-BR","potentialAction":[{"@type":"ReadAction","target":["https:\/\/employer.com.br\/tudo-do-rh\/webinar-esocial-no-rh-certificado\/"]}]},{"@type":"ImageObject","inLanguage":"pt-BR","@id":"https:\/\/employer.com.br\/tudo-do-rh\/webinar-esocial-no-rh-certificado\/#primaryimage","url":"https:\/\/employer.com.br\/tudo-do-rh\/wp-content\/uploads\/2022\/01\/logo-e-azul.png","contentUrl":"https:\/\/employer.com.br\/tudo-do-rh\/wp-content\/uploads\/2022\/01\/logo-e-azul.png","width":600,"height":600},{"@type":"BreadcrumbList","@id":"https:\/\/employer.com.br\/tudo-do-rh\/webinar-esocial-no-rh-certificado\/#breadcrumb","itemListElement":[{"@type":"ListItem","position":1,"name":"In\u00edcio","item":"https:\/\/employer.com.br\/tudo-do-rh\/"},{"@type":"ListItem","position":2,"name":"Webinar eSocial no RH | Certificado"}]},{"@type":"WebSite","@id":"https:\/\/employer.com.br\/tudo-do-rh\/#website","url":"https:\/\/employer.com.br\/tudo-do-rh\/","name":"Employer","description":"Legisla\u00e7\u00e3o | Gest\u00e3o de Pessoas | Tecnologia | RH Estrat\u00e9gico","publisher":{"@id":"https:\/\/employer.com.br\/tudo-do-rh\/#organization"},"potentialAction":[{"@type":"SearchAction","target":{"@type":"EntryPoint","urlTemplate":"https:\/\/employer.com.br\/tudo-do-rh\/?s={search_term_string}"},"query-input":{"@type":"PropertyValueSpecification","valueRequired":true,"valueName":"search_term_string"}}],"inLanguage":"pt-BR"},{"@type":"Organization","@id":"https:\/\/employer.com.br\/tudo-do-rh\/#organization","name":"Employer Summit","url":"https:\/\/employer.com.br\/tudo-do-rh\/","logo":{"@type":"ImageObject","inLanguage":"pt-BR","@id":"https:\/\/employer.com.br\/tudo-do-rh\/#\/schema\/logo\/image\/","url":"https:\/\/employer.com.br\/tudo-do-rh\/wp-content\/uploads\/2019\/08\/employersummit.com_.br_.jpg","contentUrl":"https:\/\/employer.com.br\/tudo-do-rh\/wp-content\/uploads\/2019\/08\/employersummit.com_.br_.jpg","width":700,"height":700,"caption":"Employer Summit"},"image":{"@id":"https:\/\/employer.com.br\/tudo-do-rh\/#\/schema\/logo\/image\/"},"sameAs":["https:\/\/www.facebook.com\/Employer.RH\/","https:\/\/x.com\/tudodorh","http:\/\/www.instagram.com\/rhemployer","https:\/\/br.linkedin.com\/company\/employer-rh","https:\/\/www.youtube.com\/channel\/UCYVTmy1gh7G1qjSSe-5xajw"]}]}},"_links":{"self":[{"href":"https:\/\/employer.com.br\/tudo-do-rh\/wp-json\/wp\/v2\/pages\/35859","targetHints":{"allow":["GET"]}}],"collection":[{"href":"https:\/\/employer.com.br\/tudo-do-rh\/wp-json\/wp\/v2\/pages"}],"about":[{"href":"https:\/\/employer.com.br\/tudo-do-rh\/wp-json\/wp\/v2\/types\/page"}],"author":[{"embeddable":true,"href":"https:\/\/employer.com.br\/tudo-do-rh\/wp-json\/wp\/v2\/users\/11"}],"replies":[{"embeddable":true,"href":"https:\/\/employer.com.br\/tudo-do-rh\/wp-json\/wp\/v2\/comments?post=35859"}],"version-history":[{"count":0,"href":"https:\/\/employer.com.br\/tudo-do-rh\/wp-json\/wp\/v2\/pages\/35859\/revisions"}],"wp:featuredmedia":[{"embeddable":true,"href":"https:\/\/employer.com.br\/tudo-do-rh\/wp-json\/wp\/v2\/media\/29896"}],"wp:attachment":[{"href":"https:\/\/employer.com.br\/tudo-do-rh\/wp-json\/wp\/v2\/media?parent=35859"}],"curies":[{"name":"wp","href":"https:\/\/api.w.org\/{rel}","templated":true}]}}