{"id":35037,"date":"2023-04-14T16:46:21","date_gmt":"2023-04-14T19:46:21","guid":{"rendered":"https:\/\/employer.com.br\/tudo-do-rh\/?page_id=35037"},"modified":"2023-04-14T16:47:17","modified_gmt":"2023-04-14T19:47:17","slug":"webinar-people-analytics-certificado-gerado","status":"publish","type":"page","link":"https:\/\/employer.com.br\/tudo-do-rh\/webinar-people-analytics-certificado-gerado\/","title":{"rendered":"Webinar People Analytics: como aplic\u00e1-lo no seu RH?| Certificado Gerado"},"content":{"rendered":"\t\t<div data-elementor-type=\"wp-post\" data-elementor-id=\"35037\" class=\"elementor elementor-35037\" data-elementor-post-type=\"page\">\n\t\t\t\t\t\t<section class=\"elementor-section elementor-top-section elementor-element elementor-element-20024b6 elementor-section-boxed elementor-section-height-default elementor-section-height-default\" data-id=\"20024b6\" data-element_type=\"section\">\n\t\t\t\t\t\t<div class=\"elementor-container elementor-column-gap-default\">\n\t\t\t\t\t<div class=\"elementor-column elementor-col-100 elementor-top-column elementor-element elementor-element-6d11a31\" data-id=\"6d11a31\" data-element_type=\"column\">\n\t\t\t<div class=\"elementor-widget-wrap elementor-element-populated\">\n\t\t\t\t\t\t<section class=\"elementor-section elementor-inner-section elementor-element elementor-element-0d0b0d3 elementor-section-boxed elementor-section-height-default elementor-section-height-default\" data-id=\"0d0b0d3\" data-element_type=\"section\">\n\t\t\t\t\t\t<div class=\"elementor-container elementor-column-gap-default\">\n\t\t\t\t\t<div class=\"elementor-column elementor-col-100 elementor-inner-column elementor-element elementor-element-87f0372\" data-id=\"87f0372\" data-element_type=\"column\">\n\t\t\t<div class=\"elementor-widget-wrap elementor-element-populated\">\n\t\t\t\t\t\t<div class=\"elementor-element elementor-element-fa57fff elementor-widget elementor-widget-html\" data-id=\"fa57fff\" data-element_type=\"widget\" data-widget_type=\"html.default\">\n\t\t\t\t<div class=\"elementor-widget-container\">\n\t\t\t\t\t<input style=\"margin:0 auto; font-family:'Montserrat', Sans-serif; border-radius:10px; font-size:0.85em; font-weight:bold;\" type=\"button\" value=\"Imprimir certificado\" onClick=\"window.print()\"\/>\t\t\t\t<\/div>\n\t\t\t\t<\/div>\n\t\t\t\t\t<\/div>\n\t\t<\/div>\n\t\t\t\t\t<\/div>\n\t\t<\/section>\n\t\t\t\t\t<\/div>\n\t\t<\/div>\n\t\t\t\t\t<\/div>\n\t\t<\/section>\n\t\t\t\t<section class=\"elementor-section elementor-top-section elementor-element elementor-element-a653780 elementor-section-boxed elementor-section-height-default elementor-section-height-default\" data-id=\"a653780\" data-element_type=\"section\">\n\t\t\t\t\t\t<div class=\"elementor-container elementor-column-gap-default\">\n\t\t\t\t\t<div class=\"elementor-column elementor-col-100 elementor-top-column elementor-element elementor-element-235f1ab\" data-id=\"235f1ab\" data-element_type=\"column\">\n\t\t\t<div class=\"elementor-widget-wrap elementor-element-populated\">\n\t\t\t\t\t\t<div class=\"elementor-element elementor-element-f4fa526 elementor-widget elementor-widget-image\" data-id=\"f4fa526\" data-element_type=\"widget\" data-widget_type=\"image.default\">\n\t\t\t\t<div class=\"elementor-widget-container\">\n\t\t\t\t\t\t\t\t\t\t\t\t\t\t\t<img fetchpriority=\"high\" decoding=\"async\" width=\"950\" height=\"672\" src=\"https:\/\/employer.com.br\/tudo-do-rh\/wp-content\/uploads\/2023\/04\/webinar_certificado.png\" class=\"attachment-large size-large wp-image-35039\" alt=\"\" srcset=\"https:\/\/employer.com.br\/tudo-do-rh\/wp-content\/uploads\/2023\/04\/webinar_certificado.png 950w, https:\/\/employer.com.br\/tudo-do-rh\/wp-content\/uploads\/2023\/04\/webinar_certificado-300x212.png 300w, https:\/\/employer.com.br\/tudo-do-rh\/wp-content\/uploads\/2023\/04\/webinar_certificado-768x543.png 768w\" sizes=\"(max-width: 950px) 100vw, 950px\" \/>\t\t\t\t\t\t\t\t\t\t\t\t\t\t\t<\/div>\n\t\t\t\t<\/div>\n\t\t\t\t<div class=\"elementor-element elementor-element-4081a91 elementor-widget__width-initial elementor-absolute elementor-widget elementor-widget-html\" data-id=\"4081a91\" data-element_type=\"widget\" data-settings=\"{&quot;_position&quot;:&quot;absolute&quot;}\" data-widget_type=\"html.default\">\n\t\t\t\t<div class=\"elementor-widget-container\">\n\t\t\t\t\t<div role=\"main\" id=\"webinar-people-analytics-24-04-23-certificado-71ac0a4865deddf23571\"><\/div><script type=\"text\/javascript\" src=\"https:\/\/d335luupugsy2.cloudfront.net\/js\/rdstation-forms\/stable\/rdstation-forms.min.js\"><\/script><script type=\"text\/javascript\"> new RDStationForms('webinar-people-analytics-24-04-23-certificado-71ac0a4865deddf23571', 'UA-145666093-1').createForm();<\/script>\t\t\t\t<\/div>\n\t\t\t\t<\/div>\n\t\t\t\t\t<\/div>\n\t\t<\/div>\n\t\t\t\t\t<\/div>\n\t\t<\/section>\n\t\t\t\t<\/div>\n\t\t","protected":false},"excerpt":{"rendered":"","protected":false},"author":11,"featured_media":29603,"parent":0,"menu_order":0,"comment_status":"closed","ping_status":"closed","template":"templates\/landing.php","meta":{"footnotes":""},"class_list":["post-35037","page","type-page","status-publish","has-post-thumbnail","hentry","entry","has-media"],"yoast_head":"<!-- This site is optimized with the Yoast SEO plugin v26.5 - https:\/\/yoast.com\/wordpress\/plugins\/seo\/ -->\n<title>Webinar People Analytics | Certificado Gerado<\/title>\n<meta name=\"description\" content=\"Clique em &quot;imprimir certificado&quot; para baixar.\" \/>\n<meta name=\"robots\" content=\"index, follow, max-snippet:-1, max-image-preview:large, max-video-preview:-1\" \/>\n<link rel=\"canonical\" href=\"https:\/\/employer.com.br\/tudo-do-rh\/webinar-people-analytics-certificado-gerado\/\" \/>\n<meta property=\"og:locale\" content=\"pt_BR\" \/>\n<meta property=\"og:type\" content=\"article\" \/>\n<meta property=\"og:title\" content=\"Webinar People Analytics | Certificado Gerado\" \/>\n<meta property=\"og:description\" content=\"Clique em &quot;imprimir certificado&quot; para baixar.\" \/>\n<meta property=\"og:url\" content=\"https:\/\/employer.com.br\/tudo-do-rh\/webinar-people-analytics-certificado-gerado\/\" \/>\n<meta property=\"og:site_name\" content=\"Employer\" \/>\n<meta property=\"article:publisher\" content=\"https:\/\/www.facebook.com\/Employer.RH\/\" \/>\n<meta property=\"article:modified_time\" content=\"2023-04-14T19:47:17+00:00\" \/>\n<meta property=\"og:image\" content=\"https:\/\/employer.com.br\/tudo-do-rh\/wp-content\/uploads\/2021\/09\/logo-e-azul.png\" \/>\n\t<meta property=\"og:image:width\" content=\"600\" \/>\n\t<meta property=\"og:image:height\" content=\"600\" \/>\n\t<meta property=\"og:image:type\" content=\"image\/png\" \/>\n<meta name=\"twitter:card\" content=\"summary_large_image\" \/>\n<meta name=\"twitter:site\" content=\"@tudodorh\" \/>\n<meta name=\"twitter:label1\" content=\"Est. tempo de leitura\" \/>\n\t<meta name=\"twitter:data1\" content=\"1 minuto\" \/>\n<!-- \/ Yoast SEO plugin. -->","yoast_head_json":{"title":"Webinar People Analytics | Certificado Gerado","description":"Clique em \"imprimir certificado\" para baixar.","robots":{"index":"index","follow":"follow","max-snippet":"max-snippet:-1","max-image-preview":"max-image-preview:large","max-video-preview":"max-video-preview:-1"},"canonical":"https:\/\/employer.com.br\/tudo-do-rh\/webinar-people-analytics-certificado-gerado\/","og_locale":"pt_BR","og_type":"article","og_title":"Webinar People Analytics | Certificado Gerado","og_description":"Clique em \"imprimir certificado\" para baixar.","og_url":"https:\/\/employer.com.br\/tudo-do-rh\/webinar-people-analytics-certificado-gerado\/","og_site_name":"Employer","article_publisher":"https:\/\/www.facebook.com\/Employer.RH\/","article_modified_time":"2023-04-14T19:47:17+00:00","og_image":[{"width":600,"height":600,"url":"https:\/\/employer.com.br\/tudo-do-rh\/wp-content\/uploads\/2021\/09\/logo-e-azul.png","type":"image\/png"}],"twitter_card":"summary_large_image","twitter_site":"@tudodorh","twitter_misc":{"Est. tempo de leitura":"1 minuto"},"schema":{"@context":"https:\/\/schema.org","@graph":[{"@type":"WebPage","@id":"https:\/\/employer.com.br\/tudo-do-rh\/webinar-people-analytics-certificado-gerado\/","url":"https:\/\/employer.com.br\/tudo-do-rh\/webinar-people-analytics-certificado-gerado\/","name":"Webinar People Analytics | Certificado Gerado","isPartOf":{"@id":"https:\/\/employer.com.br\/tudo-do-rh\/#website"},"primaryImageOfPage":{"@id":"https:\/\/employer.com.br\/tudo-do-rh\/webinar-people-analytics-certificado-gerado\/#primaryimage"},"image":{"@id":"https:\/\/employer.com.br\/tudo-do-rh\/webinar-people-analytics-certificado-gerado\/#primaryimage"},"thumbnailUrl":"https:\/\/employer.com.br\/tudo-do-rh\/wp-content\/uploads\/2021\/09\/logo-e-azul.png","datePublished":"2023-04-14T19:46:21+00:00","dateModified":"2023-04-14T19:47:17+00:00","description":"Clique em \"imprimir certificado\" para baixar.","breadcrumb":{"@id":"https:\/\/employer.com.br\/tudo-do-rh\/webinar-people-analytics-certificado-gerado\/#breadcrumb"},"inLanguage":"pt-BR","potentialAction":[{"@type":"ReadAction","target":["https:\/\/employer.com.br\/tudo-do-rh\/webinar-people-analytics-certificado-gerado\/"]}]},{"@type":"ImageObject","inLanguage":"pt-BR","@id":"https:\/\/employer.com.br\/tudo-do-rh\/webinar-people-analytics-certificado-gerado\/#primaryimage","url":"https:\/\/employer.com.br\/tudo-do-rh\/wp-content\/uploads\/2021\/09\/logo-e-azul.png","contentUrl":"https:\/\/employer.com.br\/tudo-do-rh\/wp-content\/uploads\/2021\/09\/logo-e-azul.png","width":600,"height":600},{"@type":"BreadcrumbList","@id":"https:\/\/employer.com.br\/tudo-do-rh\/webinar-people-analytics-certificado-gerado\/#breadcrumb","itemListElement":[{"@type":"ListItem","position":1,"name":"In\u00edcio","item":"https:\/\/employer.com.br\/tudo-do-rh\/"},{"@type":"ListItem","position":2,"name":"Webinar People Analytics: como aplic\u00e1-lo no seu RH?| Certificado Gerado"}]},{"@type":"WebSite","@id":"https:\/\/employer.com.br\/tudo-do-rh\/#website","url":"https:\/\/employer.com.br\/tudo-do-rh\/","name":"Employer","description":"Legisla\u00e7\u00e3o | Gest\u00e3o de Pessoas | Tecnologia | RH Estrat\u00e9gico","publisher":{"@id":"https:\/\/employer.com.br\/tudo-do-rh\/#organization"},"potentialAction":[{"@type":"SearchAction","target":{"@type":"EntryPoint","urlTemplate":"https:\/\/employer.com.br\/tudo-do-rh\/?s={search_term_string}"},"query-input":{"@type":"PropertyValueSpecification","valueRequired":true,"valueName":"search_term_string"}}],"inLanguage":"pt-BR"},{"@type":"Organization","@id":"https:\/\/employer.com.br\/tudo-do-rh\/#organization","name":"Employer Summit","url":"https:\/\/employer.com.br\/tudo-do-rh\/","logo":{"@type":"ImageObject","inLanguage":"pt-BR","@id":"https:\/\/employer.com.br\/tudo-do-rh\/#\/schema\/logo\/image\/","url":"https:\/\/employer.com.br\/tudo-do-rh\/wp-content\/uploads\/2019\/08\/employersummit.com_.br_.jpg","contentUrl":"https:\/\/employer.com.br\/tudo-do-rh\/wp-content\/uploads\/2019\/08\/employersummit.com_.br_.jpg","width":700,"height":700,"caption":"Employer Summit"},"image":{"@id":"https:\/\/employer.com.br\/tudo-do-rh\/#\/schema\/logo\/image\/"},"sameAs":["https:\/\/www.facebook.com\/Employer.RH\/","https:\/\/x.com\/tudodorh","http:\/\/www.instagram.com\/rhemployer","https:\/\/br.linkedin.com\/company\/employer-rh","https:\/\/www.youtube.com\/channel\/UCYVTmy1gh7G1qjSSe-5xajw"]}]}},"_links":{"self":[{"href":"https:\/\/employer.com.br\/tudo-do-rh\/wp-json\/wp\/v2\/pages\/35037","targetHints":{"allow":["GET"]}}],"collection":[{"href":"https:\/\/employer.com.br\/tudo-do-rh\/wp-json\/wp\/v2\/pages"}],"about":[{"href":"https:\/\/employer.com.br\/tudo-do-rh\/wp-json\/wp\/v2\/types\/page"}],"author":[{"embeddable":true,"href":"https:\/\/employer.com.br\/tudo-do-rh\/wp-json\/wp\/v2\/users\/11"}],"replies":[{"embeddable":true,"href":"https:\/\/employer.com.br\/tudo-do-rh\/wp-json\/wp\/v2\/comments?post=35037"}],"version-history":[{"count":0,"href":"https:\/\/employer.com.br\/tudo-do-rh\/wp-json\/wp\/v2\/pages\/35037\/revisions"}],"wp:featuredmedia":[{"embeddable":true,"href":"https:\/\/employer.com.br\/tudo-do-rh\/wp-json\/wp\/v2\/media\/29603"}],"wp:attachment":[{"href":"https:\/\/employer.com.br\/tudo-do-rh\/wp-json\/wp\/v2\/media?parent=35037"}],"curies":[{"name":"wp","href":"https:\/\/api.w.org\/{rel}","templated":true}]}}