{"id":32389,"date":"2022-10-20T09:19:06","date_gmt":"2022-10-20T12:19:06","guid":{"rendered":"https:\/\/employer.com.br\/tudo-do-rh\/?page_id=32389"},"modified":"2022-10-20T09:42:33","modified_gmt":"2022-10-20T12:42:33","slug":"e-book-guia-pratico-recrutamento-e-selecao","status":"publish","type":"page","link":"https:\/\/employer.com.br\/tudo-do-rh\/e-book-guia-pratico-recrutamento-e-selecao\/","title":{"rendered":"E-book Guia Pr\u00e1tico: Recrutamento &#038; Sele\u00e7\u00e3o"},"content":{"rendered":"\t\t<div data-elementor-type=\"wp-post\" data-elementor-id=\"32389\" class=\"elementor elementor-32389\" data-elementor-post-type=\"page\">\n\t\t\t\t\t\t<section class=\"elementor-section elementor-top-section elementor-element elementor-element-wjvzhxh elementor-section-height-min-height elementor-section-items-top elementor-section-boxed elementor-section-height-default\" data-id=\"wjvzhxh\" data-element_type=\"section\" data-settings=\"{&quot;background_background&quot;:&quot;classic&quot;}\">\n\t\t\t\t\t\t\t<div class=\"elementor-background-overlay\"><\/div>\n\t\t\t\t\t\t\t<div class=\"elementor-container elementor-column-gap-default\">\n\t\t\t\t\t<div class=\"elementor-column elementor-col-50 elementor-top-column elementor-element elementor-element-a09c5bb\" data-id=\"a09c5bb\" data-element_type=\"column\">\n\t\t\t<div class=\"elementor-widget-wrap elementor-element-populated\">\n\t\t\t\t\t\t<div class=\"elementor-element elementor-element-5df037a elementor-widget__width-initial elementor-widget elementor-widget-heading\" data-id=\"5df037a\" data-element_type=\"widget\" data-widget_type=\"heading.default\">\n\t\t\t\t<div class=\"elementor-widget-container\">\n\t\t\t\t\t<h3 class=\"elementor-heading-title elementor-size-default\">\ud83c\udf81 Employer Tudo do RH | e-book gratutito<\/h3>\t\t\t\t<\/div>\n\t\t\t\t<\/div>\n\t\t\t\t<section class=\"elementor-section elementor-inner-section elementor-element elementor-element-af9630a elementor-section-full_width elementor-section-height-default elementor-section-height-default\" data-id=\"af9630a\" data-element_type=\"section\">\n\t\t\t\t\t\t<div class=\"elementor-container elementor-column-gap-default\">\n\t\t\t\t\t<div class=\"elementor-column elementor-col-50 elementor-inner-column elementor-element elementor-element-cce8697\" data-id=\"cce8697\" data-element_type=\"column\">\n\t\t\t<div class=\"elementor-widget-wrap elementor-element-populated\">\n\t\t\t\t\t\t<div class=\"elementor-element elementor-element-7aa9211 elementor-widget elementor-widget-image\" data-id=\"7aa9211\" data-element_type=\"widget\" data-widget_type=\"image.default\">\n\t\t\t\t<div class=\"elementor-widget-container\">\n\t\t\t\t\t\t\t\t\t\t\t\t\t\t\t<img fetchpriority=\"high\" decoding=\"async\" width=\"800\" height=\"552\" src=\"https:\/\/employer.com.br\/tudo-do-rh\/wp-content\/uploads\/2022\/10\/Guia-Pra\u0301tico-Recrutamento-e-Selec\u0327a\u0303o-Employer-Tudo-do-RH.jpg\" class=\"attachment-large size-large wp-image-32391\" alt=\"\" srcset=\"https:\/\/employer.com.br\/tudo-do-rh\/wp-content\/uploads\/2022\/10\/Guia-Pra\u0301tico-Recrutamento-e-Selec\u0327a\u0303o-Employer-Tudo-do-RH.jpg 800w, https:\/\/employer.com.br\/tudo-do-rh\/wp-content\/uploads\/2022\/10\/Guia-Pra\u0301tico-Recrutamento-e-Selec\u0327a\u0303o-Employer-Tudo-do-RH-300x207.jpg 300w, https:\/\/employer.com.br\/tudo-do-rh\/wp-content\/uploads\/2022\/10\/Guia-Pra\u0301tico-Recrutamento-e-Selec\u0327a\u0303o-Employer-Tudo-do-RH-768x530.jpg 768w\" sizes=\"(max-width: 800px) 100vw, 800px\" \/>\t\t\t\t\t\t\t\t\t\t\t\t\t\t\t<\/div>\n\t\t\t\t<\/div>\n\t\t\t\t\t<\/div>\n\t\t<\/div>\n\t\t\t\t<div class=\"elementor-column elementor-col-50 elementor-inner-column elementor-element elementor-element-ea20fe5\" data-id=\"ea20fe5\" data-element_type=\"column\">\n\t\t\t<div class=\"elementor-widget-wrap elementor-element-populated\">\n\t\t\t\t\t\t<div class=\"elementor-element elementor-element-6554166 elementor-widget__width-initial elementor-widget elementor-widget-heading\" data-id=\"6554166\" data-element_type=\"widget\" data-widget_type=\"heading.default\">\n\t\t\t\t<div class=\"elementor-widget-container\">\n\t\t\t\t\t<h2 class=\"elementor-heading-title elementor-size-default\">Guia Pr\u00e1tico:<br><span style=\"font-weight:400;font-size:0.85em\">Recrutamento &amp; Sele\u00e7\u00e3o<\/span><\/h2>\t\t\t\t<\/div>\n\t\t\t\t<\/div>\n\t\t\t\t\t<\/div>\n\t\t<\/div>\n\t\t\t\t\t<\/div>\n\t\t<\/section>\n\t\t\t\t<div class=\"elementor-element elementor-element-362e523 elementor-widget elementor-widget-text-editor\" data-id=\"362e523\" data-element_type=\"widget\" data-widget_type=\"text-editor.default\">\n\t\t\t\t<div class=\"elementor-widget-container\">\n\t\t\t\t\t\t\t\t\t<p>O processo de Recrutamento &amp; Sele\u00e7\u00e3o \u00e9 uma tarefa de extrema import\u00e2ncia: uma boa contrata\u00e7\u00e3o garante um contrato de trabalho duradouro, que colabora para desenvolver a carreira do empregado e gerar bons resultados para o neg\u00f3cio.<\/p><p>Neste guia pr\u00e1tico, voc\u00ea confere os passos fundamentais para realizar um bom processo de Recrutamento &amp; Sele\u00e7\u00e3o. Da abertura da vaga ao plano de carreira, cada etapa tem seu papel. Por isso, separamos dicas para que voc\u00ea possa fazer a gest\u00e3o de pessoas da sua empresa com efici\u00eancia.<\/p><p>Fa\u00e7a seu cadastro para receber o acesso.<\/p>\t\t\t\t\t\t\t\t<\/div>\n\t\t\t\t<\/div>\n\t\t\t\t\t<\/div>\n\t\t<\/div>\n\t\t\t\t<div class=\"elementor-column elementor-col-50 elementor-top-column elementor-element elementor-element-411f8c7\" data-id=\"411f8c7\" data-element_type=\"column\" id=\"cadastro-topo\" data-settings=\"{&quot;background_background&quot;:&quot;classic&quot;}\">\n\t\t\t<div class=\"elementor-widget-wrap elementor-element-populated\">\n\t\t\t\t\t\t<div class=\"elementor-element elementor-element-ceddfb2 elementor-widget elementor-widget-text-editor\" data-id=\"ceddfb2\" data-element_type=\"widget\" data-widget_type=\"text-editor.default\">\n\t\t\t\t<div class=\"elementor-widget-container\">\n\t\t\t\t\t\t\t\t\t<div>Fa\u00e7a agora seu cadastro para receber o <strong>acesso ao e-book<\/strong>:<\/div>\t\t\t\t\t\t\t\t<\/div>\n\t\t\t\t<\/div>\n\t\t\t\t<div class=\"elementor-element elementor-element-3d8f26f elementor-widget elementor-widget-shortcode\" data-id=\"3d8f26f\" data-element_type=\"widget\" data-widget_type=\"shortcode.default\">\n\t\t\t\t<div class=\"elementor-widget-container\">\n\t\t\t\t\t\t\t<div class=\"elementor-shortcode\">\n<div class=\"wpcf7 no-js\" id=\"wpcf7-f32395-o1\" lang=\"pt-BR\" dir=\"ltr\" data-wpcf7-id=\"32395\">\n<div class=\"screen-reader-response\"><p role=\"status\" aria-live=\"polite\" aria-atomic=\"true\"><\/p> <ul><\/ul><\/div>\n<form action=\"\/tudo-do-rh\/wp-json\/wp\/v2\/pages\/32389#wpcf7-f32395-o1\" method=\"post\" class=\"wpcf7-form init\" aria-label=\"Formul\u00e1rios de contato\" novalidate=\"novalidate\" data-status=\"init\">\n<fieldset class=\"hidden-fields-container\"><input type=\"hidden\" name=\"_wpcf7\" value=\"32395\" \/><input type=\"hidden\" name=\"_wpcf7_version\" value=\"6.1.4\" \/><input type=\"hidden\" name=\"_wpcf7_locale\" value=\"pt_BR\" \/><input type=\"hidden\" name=\"_wpcf7_unit_tag\" value=\"wpcf7-f32395-o1\" \/><input type=\"hidden\" name=\"_wpcf7_container_post\" value=\"0\" \/><input type=\"hidden\" name=\"_wpcf7_posted_data_hash\" value=\"\" \/>\n<\/fieldset>\n<p><script>\n document.addEventListener('wpcf7mailsent', function (Event) {\n location = 'https:\/\/employer.com.br\/tudo-do-rh\/wp-content\/uploads\/2022\/10\/Guia-Pra\u0301tico-Recrutamento-e-Selec\u0327a\u0303o-Employer-Tudo-do-RH.pdf';\n }, false);\n<\/script>\n<\/p>\n<div style=\"display:block; width: 100%;\">\n\t<p><span class=\"wpcf7-form-control-wrap\" data-name=\"your-name\"><input size=\"40\" maxlength=\"400\" class=\"wpcf7-form-control wpcf7-text wpcf7-validates-as-required\" aria-required=\"true\" aria-invalid=\"false\" placeholder=\"Nome\" value=\"\" type=\"text\" name=\"your-name\" \/><\/span>\n\t<\/p>\n<\/div>\n<div style=\"display:block; width: 100%;\">\n\t<p><span class=\"wpcf7-form-control-wrap\" data-name=\"your-email\"><input size=\"40\" maxlength=\"400\" class=\"wpcf7-form-control wpcf7-email wpcf7-validates-as-required wpcf7-text wpcf7-validates-as-email\" aria-required=\"true\" aria-invalid=\"false\" placeholder=\"E-mail corporativo\" value=\"\" type=\"email\" name=\"your-email\" \/><\/span>\n\t<\/p>\n<\/div>\n<div style=\"display:block; width: 100%;\">\n\t<p><span class=\"wpcf7-form-control-wrap\" data-name=\"your-tel\"><input size=\"40\" maxlength=\"400\" class=\"wpcf7-form-control wpcf7-tel wpcf7-validates-as-required wpcf7-text wpcf7-validates-as-tel\" aria-required=\"true\" aria-invalid=\"false\" placeholder=\"Telefone\" value=\"\" type=\"tel\" name=\"your-tel\" \/><\/span>\n\t<\/p>\n<\/div>\n<div class=\"elementor-container elementor-column-gap-default\">\n\t<div class=\"elementor-column elementor-col-50 elementor-inner-column elementor-element\">\n\t\t<p><span class=\"wpcf7-form-control-wrap\" data-name=\"menu-cargo\"><select class=\"wpcf7-form-control wpcf7-select wpcf7-validates-as-required\" aria-required=\"true\" aria-invalid=\"false\" name=\"menu-cargo\"><option value=\"\">Cargo<\/option><option value=\"Presidente \/ CEO\">Presidente \/ CEO<\/option><option value=\"Diretor de RH\">Diretor de RH<\/option><option value=\"Diretor Financeiro\">Diretor Financeiro<\/option><option value=\"Diretor de TI\">Diretor de TI<\/option><option value=\"Gerente de RH\">Gerente de RH<\/option><option value=\"Gerente de DP\">Gerente de DP<\/option><option value=\"Gerente Financeiro\">Gerente Financeiro<\/option><option value=\"Gerente de TI\">Gerente de TI<\/option><option value=\"Supervisor\/Coordenador RH\">Supervisor\/Coordenador RH<\/option><option value=\"Supervisor\/Coordenador DP\">Supervisor\/Coordenador DP<\/option><option value=\"Supervisor\/Coordenador Financeiro\">Supervisor\/Coordenador Financeiro<\/option><option value=\"Supervisor\/Coordenador TI\">Supervisor\/Coordenador TI<\/option><option value=\"Analista de RH\">Analista de RH<\/option><option value=\"Analista de DP\">Analista de DP<\/option><option value=\"Analista de Folha de Pagamento\">Analista de Folha de Pagamento<\/option><option value=\"Analista Financeiro\">Analista Financeiro<\/option><option value=\"Analista de TI\">Analista de TI<\/option><option value=\"Contador\">Contador<\/option><option value=\"Estagi\u00e1rio de RH\">Estagi\u00e1rio de RH<\/option><option value=\"Estagi\u00e1rio de DP\">Estagi\u00e1rio de DP<\/option><option value=\"Estagi\u00e1rio Financeiro\">Estagi\u00e1rio Financeiro<\/option><option value=\"Estagi\u00e1rio de TI\">Estagi\u00e1rio de TI<\/option><option value=\"Outros (a)\">Outros (a)<\/option><\/select><\/span>\n\t\t<\/p>\n\t<\/div>\n\t<div class=\"elementor-column elementor-col-50 elementor-inner-column elementor-element\">\n\t\t<p><span class=\"wpcf7-form-control-wrap\" data-name=\"your-company\"><input size=\"40\" maxlength=\"400\" class=\"wpcf7-form-control wpcf7-text wpcf7-validates-as-required\" aria-required=\"true\" aria-invalid=\"false\" placeholder=\"Empresa\" value=\"\" type=\"text\" name=\"your-company\" \/><\/span>\n\t\t<\/p>\n\t<\/div>\n<\/div>\n<div style=\"display:block; width: 100%;\">\n\t<p><span class=\"wpcf7-form-control-wrap\" data-name=\"menu-funcionarios\"><select class=\"wpcf7-form-control wpcf7-select wpcf7-validates-as-required\" aria-required=\"true\" aria-invalid=\"false\" name=\"menu-funcionarios\"><option value=\"\">N\u00famero de funcion\u00e1rios<\/option><option value=\"Empresa com at\u00e9 50 funcion\u00e1rios\">Empresa com at\u00e9 50 funcion\u00e1rios<\/option><option value=\"Empresa com 51 a 100 funcion\u00e1rios\">Empresa com 51 a 100 funcion\u00e1rios<\/option><option value=\"Empresa com 101 a 500 funcion\u00e1rios\">Empresa com 101 a 500 funcion\u00e1rios<\/option><option value=\"Empresa com 501 a 1000 funcion\u00e1rios\">Empresa com 501 a 1000 funcion\u00e1rios<\/option><option value=\"Empresa com mais de 1001 funcion\u00e1rios\">Empresa com mais de 1001 funcion\u00e1rios<\/option><\/select><\/span>\n\t<\/p>\n<\/div>\n<div style=\"display:block; width: 100%;\">\n\t<p><span class=\"wpcf7-form-control-wrap\" data-name=\"acceptance-844\"><span class=\"wpcf7-form-control wpcf7-acceptance\"><span class=\"wpcf7-list-item\"><label><input type=\"checkbox\" name=\"acceptance-844\" value=\"1\" checked=\"checked\" aria-invalid=\"false\" \/><span class=\"wpcf7-list-item-label\">Eu li e concordo com os <a href=\"https:\/\/employer.com.br\/politica-de-privacidade\/\" target=\"_blank\">termos de uso<\/a>.<\/span><\/label><\/span><\/span><\/span>\n\t<\/p>\n<\/div>\n<p><input class=\"wpcf7-form-control wpcf7-submit has-spinner\" type=\"submit\" value=\"Acessar o e-book\" \/>\n<\/p><input type='hidden' class='wpcf7-pum' value='{\"closepopup\":false,\"closedelay\":0,\"openpopup\":false,\"openpopup_id\":0}' \/><div class=\"wpcf7-response-output\" aria-hidden=\"true\"><\/div>\n<\/form>\n<\/div>\n<\/div>\n\t\t\t\t\t\t<\/div>\n\t\t\t\t<\/div>\n\t\t\t\t\t<\/div>\n\t\t<\/div>\n\t\t\t\t\t<\/div>\n\t\t<\/section>\n\t\t\t\t<section class=\"elementor-section elementor-top-section elementor-element elementor-element-75d8f1b elementor-section-boxed elementor-section-height-default elementor-section-height-default\" data-id=\"75d8f1b\" data-element_type=\"section\" data-settings=\"{&quot;background_background&quot;:&quot;classic&quot;}\">\n\t\t\t\t\t\t<div class=\"elementor-container elementor-column-gap-default\">\n\t\t\t\t\t<div class=\"elementor-column elementor-col-100 elementor-top-column elementor-element elementor-element-eac5e29\" data-id=\"eac5e29\" data-element_type=\"column\">\n\t\t\t<div class=\"elementor-widget-wrap elementor-element-populated\">\n\t\t\t\t\t\t<div class=\"elementor-element elementor-element-d411049 elementor-widget elementor-widget-image\" data-id=\"d411049\" data-element_type=\"widget\" data-widget_type=\"image.default\">\n\t\t\t\t<div class=\"elementor-widget-container\">\n\t\t\t\t\t\t\t\t\t\t\t\t\t\t\t\t<a href=\"https:\/\/www.employer.com.br\/\" target=\"_blank\">\n\t\t\t\t\t\t\t<img decoding=\"async\" width=\"167\" height=\"63\" src=\"https:\/\/employer.com.br\/tudo-do-rh\/wp-content\/uploads\/2019\/08\/employer-branca-e1564774158768.png\" class=\"attachment-large size-large wp-image-27433\" alt=\"\" \/>\t\t\t\t\t\t\t\t<\/a>\n\t\t\t\t\t\t\t\t\t\t\t\t\t\t\t<\/div>\n\t\t\t\t<\/div>\n\t\t\t\t<section class=\"elementor-section elementor-inner-section elementor-element elementor-element-80a26b7 elementor-section-boxed elementor-section-height-default elementor-section-height-default\" data-id=\"80a26b7\" data-element_type=\"section\">\n\t\t\t\t\t\t<div class=\"elementor-container elementor-column-gap-default\">\n\t\t\t\t\t<div class=\"elementor-column elementor-col-25 elementor-inner-column elementor-element elementor-element-5696260\" data-id=\"5696260\" data-element_type=\"column\">\n\t\t\t<div class=\"elementor-widget-wrap elementor-element-populated\">\n\t\t\t\t\t\t<div class=\"elementor-element elementor-element-b49fcec elementor-widget elementor-widget-text-editor\" data-id=\"b49fcec\" data-element_type=\"widget\" data-widget_type=\"text-editor.default\">\n\t\t\t\t<div class=\"elementor-widget-container\">\n\t\t\t\t\t\t\t\t\t<p style=\"padding: 0; margin: 0;\">+ 36<\/p>\t\t\t\t\t\t\t\t<\/div>\n\t\t\t\t<\/div>\n\t\t\t\t<div class=\"elementor-element elementor-element-765c112 elementor-widget elementor-widget-text-editor\" data-id=\"765c112\" data-element_type=\"widget\" data-widget_type=\"text-editor.default\">\n\t\t\t\t<div class=\"elementor-widget-container\">\n\t\t\t\t\t\t\t\t\t<p style=\"padding: 0; margin: 0;\">ANOS DE EXPERI\u00caNCIA EM RH<\/p>\t\t\t\t\t\t\t\t<\/div>\n\t\t\t\t<\/div>\n\t\t\t\t\t<\/div>\n\t\t<\/div>\n\t\t\t\t<div class=\"elementor-column elementor-col-25 elementor-inner-column elementor-element elementor-element-970f38a\" data-id=\"970f38a\" data-element_type=\"column\">\n\t\t\t<div class=\"elementor-widget-wrap elementor-element-populated\">\n\t\t\t\t\t\t<div class=\"elementor-element elementor-element-7ad6b33 elementor-widget elementor-widget-text-editor\" data-id=\"7ad6b33\" data-element_type=\"widget\" data-widget_type=\"text-editor.default\">\n\t\t\t\t<div class=\"elementor-widget-container\">\n\t\t\t\t\t\t\t\t\t<p style=\"padding: 0; margin: 0;\">+ 50 mi<\/p>\t\t\t\t\t\t\t\t<\/div>\n\t\t\t\t<\/div>\n\t\t\t\t<div class=\"elementor-element elementor-element-b3c05cb elementor-widget elementor-widget-text-editor\" data-id=\"b3c05cb\" data-element_type=\"widget\" data-widget_type=\"text-editor.default\">\n\t\t\t\t<div class=\"elementor-widget-container\">\n\t\t\t\t\t\t\t\t\t<p style=\"padding: 0; margin: 0;\">INVESTIDOS EM TECNOLOGIA<\/p>\t\t\t\t\t\t\t\t<\/div>\n\t\t\t\t<\/div>\n\t\t\t\t\t<\/div>\n\t\t<\/div>\n\t\t\t\t<div class=\"elementor-column elementor-col-25 elementor-inner-column elementor-element elementor-element-f06fc07\" data-id=\"f06fc07\" data-element_type=\"column\">\n\t\t\t<div class=\"elementor-widget-wrap elementor-element-populated\">\n\t\t\t\t\t\t<div class=\"elementor-element elementor-element-30dea6e elementor-widget elementor-widget-text-editor\" data-id=\"30dea6e\" data-element_type=\"widget\" data-widget_type=\"text-editor.default\">\n\t\t\t\t<div class=\"elementor-widget-container\">\n\t\t\t\t\t\t\t\t\t<p style=\"padding: 0; margin: 0;\">+ 500<\/p>\t\t\t\t\t\t\t\t<\/div>\n\t\t\t\t<\/div>\n\t\t\t\t<div class=\"elementor-element elementor-element-94ccb2a elementor-widget elementor-widget-text-editor\" data-id=\"94ccb2a\" data-element_type=\"widget\" data-widget_type=\"text-editor.default\">\n\t\t\t\t<div class=\"elementor-widget-container\">\n\t\t\t\t\t\t\t\t\t<p style=\"padding: 0; margin: 0;\">ESPECIALISTAS EM RH<\/p>\t\t\t\t\t\t\t\t<\/div>\n\t\t\t\t<\/div>\n\t\t\t\t\t<\/div>\n\t\t<\/div>\n\t\t\t\t<div class=\"elementor-column elementor-col-25 elementor-inner-column elementor-element elementor-element-2b6de71\" data-id=\"2b6de71\" data-element_type=\"column\">\n\t\t\t<div class=\"elementor-widget-wrap elementor-element-populated\">\n\t\t\t\t\t\t<div class=\"elementor-element elementor-element-f97bf88 elementor-widget elementor-widget-text-editor\" data-id=\"f97bf88\" data-element_type=\"widget\" data-widget_type=\"text-editor.default\">\n\t\t\t\t<div class=\"elementor-widget-container\">\n\t\t\t\t\t\t\t\t\t<p style=\"padding: 0; margin: 0;\">+ 50 mil<\/p>\t\t\t\t\t\t\t\t<\/div>\n\t\t\t\t<\/div>\n\t\t\t\t<div class=\"elementor-element elementor-element-02b733a elementor-widget elementor-widget-text-editor\" data-id=\"02b733a\" data-element_type=\"widget\" data-widget_type=\"text-editor.default\">\n\t\t\t\t<div class=\"elementor-widget-container\">\n\t\t\t\t\t\t\t\t\t<p style=\"padding: 0; margin: 0;\">CLIENTES ATENDIDOS<\/p>\t\t\t\t\t\t\t\t<\/div>\n\t\t\t\t<\/div>\n\t\t\t\t\t<\/div>\n\t\t<\/div>\n\t\t\t\t\t<\/div>\n\t\t<\/section>\n\t\t\t\t\t<\/div>\n\t\t<\/div>\n\t\t\t\t\t<\/div>\n\t\t<\/section>\n\t\t\t\t<\/div>\n\t\t","protected":false},"excerpt":{"rendered":"<p>\ud83c\udf81 Employer Tudo do RH | e-book gratutito Guia Pr\u00e1tico:Recrutamento &#038; Sele\u00e7\u00e3o O processo de Recrutamento &amp; Sele\u00e7\u00e3o \u00e9 uma tarefa de extrema import\u00e2ncia: uma boa contrata\u00e7\u00e3o garante um contrato de trabalho duradouro, que colabora para desenvolver a carreira do empregado e gerar bons resultados para o neg\u00f3cio. Neste guia pr\u00e1tico, voc\u00ea confere os passos [&hellip;]<\/p>\n","protected":false},"author":11,"featured_media":32391,"parent":0,"menu_order":0,"comment_status":"closed","ping_status":"closed","template":"templates\/landing.php","meta":{"footnotes":""},"class_list":["post-32389","page","type-page","status-publish","has-post-thumbnail","hentry","entry","has-media"],"yoast_head":"<!-- This site is optimized with the Yoast SEO plugin v26.5 - https:\/\/yoast.com\/wordpress\/plugins\/seo\/ -->\n<title>E-book Guia Pr\u00e1tico: Recrutamento &amp; Sele\u00e7\u00e3o<\/title>\n<meta name=\"description\" content=\"Neste guia pr\u00e1tico, voc\u00ea vai conferir os passos fundamentais para realizar um bom processo de Recrutamento &amp; Sele\u00e7\u00e3o!\" \/>\n<meta name=\"robots\" content=\"index, follow, max-snippet:-1, max-image-preview:large, max-video-preview:-1\" \/>\n<link rel=\"canonical\" href=\"https:\/\/employer.com.br\/tudo-do-rh\/e-book-guia-pratico-recrutamento-e-selecao\/\" \/>\n<meta property=\"og:locale\" content=\"pt_BR\" \/>\n<meta property=\"og:type\" content=\"article\" \/>\n<meta property=\"og:title\" content=\"E-book Guia Pr\u00e1tico: Recrutamento &amp; Sele\u00e7\u00e3o\" \/>\n<meta property=\"og:description\" content=\"Neste guia pr\u00e1tico, voc\u00ea vai conferir os passos fundamentais para realizar um bom processo de Recrutamento &amp; Sele\u00e7\u00e3o!\" \/>\n<meta property=\"og:url\" content=\"https:\/\/employer.com.br\/tudo-do-rh\/e-book-guia-pratico-recrutamento-e-selecao\/\" \/>\n<meta property=\"og:site_name\" content=\"Employer\" \/>\n<meta property=\"article:publisher\" content=\"https:\/\/www.facebook.com\/Employer.RH\/\" \/>\n<meta property=\"article:modified_time\" content=\"2022-10-20T12:42:33+00:00\" \/>\n<meta property=\"og:image\" content=\"https:\/\/employer.com.br\/tudo-do-rh\/wp-content\/uploads\/2022\/10\/Guia-Pra\u0301tico-Recrutamento-e-Selec\u0327a\u0303o-Employer-Tudo-do-RH.jpg\" \/>\n\t<meta property=\"og:image:width\" content=\"800\" \/>\n\t<meta property=\"og:image:height\" content=\"552\" \/>\n\t<meta property=\"og:image:type\" content=\"image\/jpeg\" \/>\n<meta name=\"twitter:card\" content=\"summary_large_image\" \/>\n<meta name=\"twitter:site\" content=\"@tudodorh\" \/>\n<meta name=\"twitter:label1\" content=\"Est. tempo de leitura\" \/>\n\t<meta name=\"twitter:data1\" content=\"2 minutos\" \/>\n<!-- \/ Yoast SEO plugin. -->","yoast_head_json":{"title":"E-book Guia Pr\u00e1tico: Recrutamento & Sele\u00e7\u00e3o","description":"Neste guia pr\u00e1tico, voc\u00ea vai conferir os passos fundamentais para realizar um bom processo de Recrutamento & Sele\u00e7\u00e3o!","robots":{"index":"index","follow":"follow","max-snippet":"max-snippet:-1","max-image-preview":"max-image-preview:large","max-video-preview":"max-video-preview:-1"},"canonical":"https:\/\/employer.com.br\/tudo-do-rh\/e-book-guia-pratico-recrutamento-e-selecao\/","og_locale":"pt_BR","og_type":"article","og_title":"E-book Guia Pr\u00e1tico: Recrutamento & Sele\u00e7\u00e3o","og_description":"Neste guia pr\u00e1tico, voc\u00ea vai conferir os passos fundamentais para realizar um bom processo de Recrutamento & Sele\u00e7\u00e3o!","og_url":"https:\/\/employer.com.br\/tudo-do-rh\/e-book-guia-pratico-recrutamento-e-selecao\/","og_site_name":"Employer","article_publisher":"https:\/\/www.facebook.com\/Employer.RH\/","article_modified_time":"2022-10-20T12:42:33+00:00","og_image":[{"width":800,"height":552,"url":"https:\/\/employer.com.br\/tudo-do-rh\/wp-content\/uploads\/2022\/10\/Guia-Pra\u0301tico-Recrutamento-e-Selec\u0327a\u0303o-Employer-Tudo-do-RH.jpg","type":"image\/jpeg"}],"twitter_card":"summary_large_image","twitter_site":"@tudodorh","twitter_misc":{"Est. tempo de leitura":"2 minutos"},"schema":{"@context":"https:\/\/schema.org","@graph":[{"@type":"WebPage","@id":"https:\/\/employer.com.br\/tudo-do-rh\/e-book-guia-pratico-recrutamento-e-selecao\/","url":"https:\/\/employer.com.br\/tudo-do-rh\/e-book-guia-pratico-recrutamento-e-selecao\/","name":"E-book Guia Pr\u00e1tico: Recrutamento & Sele\u00e7\u00e3o","isPartOf":{"@id":"https:\/\/employer.com.br\/tudo-do-rh\/#website"},"primaryImageOfPage":{"@id":"https:\/\/employer.com.br\/tudo-do-rh\/e-book-guia-pratico-recrutamento-e-selecao\/#primaryimage"},"image":{"@id":"https:\/\/employer.com.br\/tudo-do-rh\/e-book-guia-pratico-recrutamento-e-selecao\/#primaryimage"},"thumbnailUrl":"https:\/\/employer.com.br\/tudo-do-rh\/wp-content\/uploads\/2022\/10\/Guia-Pra\u0301tico-Recrutamento-e-Selec\u0327a\u0303o-Employer-Tudo-do-RH.jpg","datePublished":"2022-10-20T12:19:06+00:00","dateModified":"2022-10-20T12:42:33+00:00","description":"Neste guia pr\u00e1tico, voc\u00ea vai conferir os passos fundamentais para realizar um bom processo de Recrutamento & Sele\u00e7\u00e3o!","breadcrumb":{"@id":"https:\/\/employer.com.br\/tudo-do-rh\/e-book-guia-pratico-recrutamento-e-selecao\/#breadcrumb"},"inLanguage":"pt-BR","potentialAction":[{"@type":"ReadAction","target":["https:\/\/employer.com.br\/tudo-do-rh\/e-book-guia-pratico-recrutamento-e-selecao\/"]}]},{"@type":"ImageObject","inLanguage":"pt-BR","@id":"https:\/\/employer.com.br\/tudo-do-rh\/e-book-guia-pratico-recrutamento-e-selecao\/#primaryimage","url":"https:\/\/employer.com.br\/tudo-do-rh\/wp-content\/uploads\/2022\/10\/Guia-Pra\u0301tico-Recrutamento-e-Selec\u0327a\u0303o-Employer-Tudo-do-RH.jpg","contentUrl":"https:\/\/employer.com.br\/tudo-do-rh\/wp-content\/uploads\/2022\/10\/Guia-Pra\u0301tico-Recrutamento-e-Selec\u0327a\u0303o-Employer-Tudo-do-RH.jpg","width":800,"height":552},{"@type":"BreadcrumbList","@id":"https:\/\/employer.com.br\/tudo-do-rh\/e-book-guia-pratico-recrutamento-e-selecao\/#breadcrumb","itemListElement":[{"@type":"ListItem","position":1,"name":"In\u00edcio","item":"https:\/\/employer.com.br\/tudo-do-rh\/"},{"@type":"ListItem","position":2,"name":"E-book Guia Pr\u00e1tico: Recrutamento &#038; Sele\u00e7\u00e3o"}]},{"@type":"WebSite","@id":"https:\/\/employer.com.br\/tudo-do-rh\/#website","url":"https:\/\/employer.com.br\/tudo-do-rh\/","name":"Employer","description":"Legisla\u00e7\u00e3o | Gest\u00e3o de Pessoas | Tecnologia | RH Estrat\u00e9gico","publisher":{"@id":"https:\/\/employer.com.br\/tudo-do-rh\/#organization"},"potentialAction":[{"@type":"SearchAction","target":{"@type":"EntryPoint","urlTemplate":"https:\/\/employer.com.br\/tudo-do-rh\/?s={search_term_string}"},"query-input":{"@type":"PropertyValueSpecification","valueRequired":true,"valueName":"search_term_string"}}],"inLanguage":"pt-BR"},{"@type":"Organization","@id":"https:\/\/employer.com.br\/tudo-do-rh\/#organization","name":"Employer Summit","url":"https:\/\/employer.com.br\/tudo-do-rh\/","logo":{"@type":"ImageObject","inLanguage":"pt-BR","@id":"https:\/\/employer.com.br\/tudo-do-rh\/#\/schema\/logo\/image\/","url":"https:\/\/employer.com.br\/tudo-do-rh\/wp-content\/uploads\/2019\/08\/employersummit.com_.br_.jpg","contentUrl":"https:\/\/employer.com.br\/tudo-do-rh\/wp-content\/uploads\/2019\/08\/employersummit.com_.br_.jpg","width":700,"height":700,"caption":"Employer Summit"},"image":{"@id":"https:\/\/employer.com.br\/tudo-do-rh\/#\/schema\/logo\/image\/"},"sameAs":["https:\/\/www.facebook.com\/Employer.RH\/","https:\/\/x.com\/tudodorh","http:\/\/www.instagram.com\/rhemployer","https:\/\/br.linkedin.com\/company\/employer-rh","https:\/\/www.youtube.com\/channel\/UCYVTmy1gh7G1qjSSe-5xajw"]}]}},"_links":{"self":[{"href":"https:\/\/employer.com.br\/tudo-do-rh\/wp-json\/wp\/v2\/pages\/32389","targetHints":{"allow":["GET"]}}],"collection":[{"href":"https:\/\/employer.com.br\/tudo-do-rh\/wp-json\/wp\/v2\/pages"}],"about":[{"href":"https:\/\/employer.com.br\/tudo-do-rh\/wp-json\/wp\/v2\/types\/page"}],"author":[{"embeddable":true,"href":"https:\/\/employer.com.br\/tudo-do-rh\/wp-json\/wp\/v2\/users\/11"}],"replies":[{"embeddable":true,"href":"https:\/\/employer.com.br\/tudo-do-rh\/wp-json\/wp\/v2\/comments?post=32389"}],"version-history":[{"count":0,"href":"https:\/\/employer.com.br\/tudo-do-rh\/wp-json\/wp\/v2\/pages\/32389\/revisions"}],"wp:featuredmedia":[{"embeddable":true,"href":"https:\/\/employer.com.br\/tudo-do-rh\/wp-json\/wp\/v2\/media\/32391"}],"wp:attachment":[{"href":"https:\/\/employer.com.br\/tudo-do-rh\/wp-json\/wp\/v2\/media?parent=32389"}],"curies":[{"name":"wp","href":"https:\/\/api.w.org\/{rel}","templated":true}]}}