{"id":31419,"date":"2022-07-30T14:34:28","date_gmt":"2022-07-30T17:34:28","guid":{"rendered":"https:\/\/employer.com.br\/tudo-do-rh\/?page_id=31419"},"modified":"2022-07-30T15:02:14","modified_gmt":"2022-07-30T18:02:14","slug":"certificado-16082022","status":"publish","type":"page","link":"https:\/\/employer.com.br\/tudo-do-rh\/certificado-16082022\/","title":{"rendered":"Employer Summit 2022 | Certificado 16\/08\/2022"},"content":{"rendered":"\t\t<div data-elementor-type=\"wp-post\" data-elementor-id=\"31419\" class=\"elementor elementor-31419\" data-elementor-post-type=\"page\">\n\t\t\t\t\t\t<section class=\"elementor-section elementor-top-section elementor-element elementor-element-20024b6 elementor-section-boxed elementor-section-height-default elementor-section-height-default\" data-id=\"20024b6\" data-element_type=\"section\">\n\t\t\t\t\t\t<div class=\"elementor-container elementor-column-gap-default\">\n\t\t\t\t\t<div class=\"elementor-column elementor-col-100 elementor-top-column elementor-element elementor-element-6d11a31\" data-id=\"6d11a31\" data-element_type=\"column\">\n\t\t\t<div class=\"elementor-widget-wrap elementor-element-populated\">\n\t\t\t\t\t\t<div class=\"elementor-element elementor-element-6554166 elementor-widget__width-initial elementor-widget elementor-widget-heading\" data-id=\"6554166\" data-element_type=\"widget\" data-widget_type=\"heading.default\">\n\t\t\t\t<div class=\"elementor-widget-container\">\n\t\t\t\t\t<h1 class=\"elementor-heading-title elementor-size-default\">Certificado Employer Summit<\/h1>\t\t\t\t<\/div>\n\t\t\t\t<\/div>\n\t\t\t\t<div class=\"elementor-element elementor-element-71e6545 elementor-widget__width-initial elementor-widget elementor-widget-heading\" data-id=\"71e6545\" data-element_type=\"widget\" data-widget_type=\"heading.default\">\n\t\t\t\t<div class=\"elementor-widget-container\">\n\t\t\t\t\t<h2 class=\"elementor-heading-title elementor-size-default\">Dia 07 - 16\/08<\/h2>\t\t\t\t<\/div>\n\t\t\t\t<\/div>\n\t\t\t\t<div class=\"elementor-element elementor-element-a77754e elementor-widget elementor-widget-text-editor\" data-id=\"a77754e\" data-element_type=\"widget\" data-widget_type=\"text-editor.default\">\n\t\t\t\t<div class=\"elementor-widget-container\">\n\t\t\t\t\t\t\t\t\t<p><span style=\"font-size: 16px;\">Sua opini\u00e3o \u00e9 muito importante para n\u00f3s!\u00a0<\/span><span style=\"font-size: 16px;\">Separamos 3 perguntas r\u00e1pidas para voc\u00ea responder antes de ter acesso ao seu certificado.<\/span><\/p>\t\t\t\t\t\t\t\t<\/div>\n\t\t\t\t<\/div>\n\t\t\t\t<section class=\"elementor-section elementor-inner-section elementor-element elementor-element-0d0b0d3 elementor-section-boxed elementor-section-height-default elementor-section-height-default\" data-id=\"0d0b0d3\" data-element_type=\"section\">\n\t\t\t\t\t\t<div class=\"elementor-container elementor-column-gap-default\">\n\t\t\t\t\t<div class=\"elementor-column elementor-col-100 elementor-inner-column elementor-element elementor-element-87f0372\" data-id=\"87f0372\" data-element_type=\"column\">\n\t\t\t<div class=\"elementor-widget-wrap elementor-element-populated\">\n\t\t\t\t\t\t<div class=\"elementor-element elementor-element-cc7a51a elementor-widget elementor-widget-html\" data-id=\"cc7a51a\" data-element_type=\"widget\" data-widget_type=\"html.default\">\n\t\t\t\t<div class=\"elementor-widget-container\">\n\t\t\t\t\t<div role=\"main\" id=\"employer-summit-2022-certificado-16-08-2022-7aaac64b0b06dbc02456\"><\/div><script type=\"text\/javascript\" src=\"https:\/\/d335luupugsy2.cloudfront.net\/js\/rdstation-forms\/stable\/rdstation-forms.min.js\"><\/script><script type=\"text\/javascript\"> new RDStationForms('employer-summit-2022-certificado-16-08-2022-7aaac64b0b06dbc02456', 'UA-145666093-1').createForm();<\/script>\t\t\t\t<\/div>\n\t\t\t\t<\/div>\n\t\t\t\t\t<\/div>\n\t\t<\/div>\n\t\t\t\t\t<\/div>\n\t\t<\/section>\n\t\t\t\t\t<\/div>\n\t\t<\/div>\n\t\t\t\t\t<\/div>\n\t\t<\/section>\n\t\t\t\t<\/div>\n\t\t","protected":false},"excerpt":{"rendered":"<p>Certificado Employer Summit Dia 07 &#8211; 16\/08 Sua opini\u00e3o \u00e9 muito importante para n\u00f3s!&nbsp;Separamos 3 perguntas r\u00e1pidas para voc\u00ea responder antes de ter acesso ao seu certificado.<\/p>\n","protected":false},"author":11,"featured_media":30337,"parent":0,"menu_order":0,"comment_status":"closed","ping_status":"closed","template":"templates\/landing.php","meta":{"footnotes":""},"class_list":["post-31419","page","type-page","status-publish","has-post-thumbnail","hentry","entry","has-media"],"yoast_head":"<!-- This site is optimized with the Yoast SEO plugin v26.5 - https:\/\/yoast.com\/wordpress\/plugins\/seo\/ -->\n<title>Employer Summit 2022 | Certificado 16\/08\/2022<\/title>\n<meta name=\"description\" content=\"Preencha uma r\u00e1pida pesquisa de satisfa\u00e7\u00e3o para gerar e acessar o seu certificado de participa\u00e7\u00e3o no Employer Summit 2022.\" \/>\n<meta name=\"robots\" content=\"index, follow, max-snippet:-1, max-image-preview:large, max-video-preview:-1\" \/>\n<link rel=\"canonical\" href=\"https:\/\/employer.com.br\/tudo-do-rh\/certificado-16082022\/\" \/>\n<meta property=\"og:locale\" content=\"pt_BR\" \/>\n<meta property=\"og:type\" content=\"article\" \/>\n<meta property=\"og:title\" content=\"Employer Summit 2022 | Certificado 16\/08\/2022\" \/>\n<meta property=\"og:description\" content=\"Preencha uma r\u00e1pida pesquisa de satisfa\u00e7\u00e3o para gerar e acessar o seu certificado de participa\u00e7\u00e3o no Employer Summit 2022.\" \/>\n<meta property=\"og:url\" content=\"https:\/\/employer.com.br\/tudo-do-rh\/certificado-16082022\/\" \/>\n<meta property=\"og:site_name\" content=\"Employer\" \/>\n<meta property=\"article:publisher\" content=\"https:\/\/www.facebook.com\/Employer.RH\/\" \/>\n<meta property=\"article:modified_time\" content=\"2022-07-30T18:02:14+00:00\" \/>\n<meta property=\"og:image\" content=\"https:\/\/employer.com.br\/tudo-do-rh\/wp-content\/uploads\/2022\/05\/logo-summit-2022-site.jpg\" \/>\n\t<meta property=\"og:image:width\" content=\"1000\" \/>\n\t<meta property=\"og:image:height\" content=\"1000\" \/>\n\t<meta property=\"og:image:type\" content=\"image\/jpeg\" \/>\n<meta name=\"twitter:card\" content=\"summary_large_image\" \/>\n<meta name=\"twitter:site\" content=\"@tudodorh\" \/>\n<meta name=\"twitter:label1\" content=\"Est. tempo de leitura\" \/>\n\t<meta name=\"twitter:data1\" content=\"1 minuto\" \/>\n<!-- \/ Yoast SEO plugin. -->","yoast_head_json":{"title":"Employer Summit 2022 | Certificado 16\/08\/2022","description":"Preencha uma r\u00e1pida pesquisa de satisfa\u00e7\u00e3o para gerar e acessar o seu certificado de participa\u00e7\u00e3o no Employer Summit 2022.","robots":{"index":"index","follow":"follow","max-snippet":"max-snippet:-1","max-image-preview":"max-image-preview:large","max-video-preview":"max-video-preview:-1"},"canonical":"https:\/\/employer.com.br\/tudo-do-rh\/certificado-16082022\/","og_locale":"pt_BR","og_type":"article","og_title":"Employer Summit 2022 | Certificado 16\/08\/2022","og_description":"Preencha uma r\u00e1pida pesquisa de satisfa\u00e7\u00e3o para gerar e acessar o seu certificado de participa\u00e7\u00e3o no Employer Summit 2022.","og_url":"https:\/\/employer.com.br\/tudo-do-rh\/certificado-16082022\/","og_site_name":"Employer","article_publisher":"https:\/\/www.facebook.com\/Employer.RH\/","article_modified_time":"2022-07-30T18:02:14+00:00","og_image":[{"width":1000,"height":1000,"url":"https:\/\/employer.com.br\/tudo-do-rh\/wp-content\/uploads\/2022\/05\/logo-summit-2022-site.jpg","type":"image\/jpeg"}],"twitter_card":"summary_large_image","twitter_site":"@tudodorh","twitter_misc":{"Est. tempo de leitura":"1 minuto"},"schema":{"@context":"https:\/\/schema.org","@graph":[{"@type":"WebPage","@id":"https:\/\/employer.com.br\/tudo-do-rh\/certificado-16082022\/","url":"https:\/\/employer.com.br\/tudo-do-rh\/certificado-16082022\/","name":"Employer Summit 2022 | Certificado 16\/08\/2022","isPartOf":{"@id":"https:\/\/employer.com.br\/tudo-do-rh\/#website"},"primaryImageOfPage":{"@id":"https:\/\/employer.com.br\/tudo-do-rh\/certificado-16082022\/#primaryimage"},"image":{"@id":"https:\/\/employer.com.br\/tudo-do-rh\/certificado-16082022\/#primaryimage"},"thumbnailUrl":"https:\/\/employer.com.br\/tudo-do-rh\/wp-content\/uploads\/2022\/05\/logo-summit-2022-site.jpg","datePublished":"2022-07-30T17:34:28+00:00","dateModified":"2022-07-30T18:02:14+00:00","description":"Preencha uma r\u00e1pida pesquisa de satisfa\u00e7\u00e3o para gerar e acessar o seu certificado de participa\u00e7\u00e3o no Employer Summit 2022.","breadcrumb":{"@id":"https:\/\/employer.com.br\/tudo-do-rh\/certificado-16082022\/#breadcrumb"},"inLanguage":"pt-BR","potentialAction":[{"@type":"ReadAction","target":["https:\/\/employer.com.br\/tudo-do-rh\/certificado-16082022\/"]}]},{"@type":"ImageObject","inLanguage":"pt-BR","@id":"https:\/\/employer.com.br\/tudo-do-rh\/certificado-16082022\/#primaryimage","url":"https:\/\/employer.com.br\/tudo-do-rh\/wp-content\/uploads\/2022\/05\/logo-summit-2022-site.jpg","contentUrl":"https:\/\/employer.com.br\/tudo-do-rh\/wp-content\/uploads\/2022\/05\/logo-summit-2022-site.jpg","width":1000,"height":1000,"caption":"Employer Summit"},{"@type":"BreadcrumbList","@id":"https:\/\/employer.com.br\/tudo-do-rh\/certificado-16082022\/#breadcrumb","itemListElement":[{"@type":"ListItem","position":1,"name":"In\u00edcio","item":"https:\/\/employer.com.br\/tudo-do-rh\/"},{"@type":"ListItem","position":2,"name":"Employer Summit 2022 | Certificado 16\/08\/2022"}]},{"@type":"WebSite","@id":"https:\/\/employer.com.br\/tudo-do-rh\/#website","url":"https:\/\/employer.com.br\/tudo-do-rh\/","name":"Employer","description":"Legisla\u00e7\u00e3o | Gest\u00e3o de Pessoas | Tecnologia | RH Estrat\u00e9gico","publisher":{"@id":"https:\/\/employer.com.br\/tudo-do-rh\/#organization"},"potentialAction":[{"@type":"SearchAction","target":{"@type":"EntryPoint","urlTemplate":"https:\/\/employer.com.br\/tudo-do-rh\/?s={search_term_string}"},"query-input":{"@type":"PropertyValueSpecification","valueRequired":true,"valueName":"search_term_string"}}],"inLanguage":"pt-BR"},{"@type":"Organization","@id":"https:\/\/employer.com.br\/tudo-do-rh\/#organization","name":"Employer Summit","url":"https:\/\/employer.com.br\/tudo-do-rh\/","logo":{"@type":"ImageObject","inLanguage":"pt-BR","@id":"https:\/\/employer.com.br\/tudo-do-rh\/#\/schema\/logo\/image\/","url":"https:\/\/employer.com.br\/tudo-do-rh\/wp-content\/uploads\/2019\/08\/employersummit.com_.br_.jpg","contentUrl":"https:\/\/employer.com.br\/tudo-do-rh\/wp-content\/uploads\/2019\/08\/employersummit.com_.br_.jpg","width":700,"height":700,"caption":"Employer Summit"},"image":{"@id":"https:\/\/employer.com.br\/tudo-do-rh\/#\/schema\/logo\/image\/"},"sameAs":["https:\/\/www.facebook.com\/Employer.RH\/","https:\/\/x.com\/tudodorh","http:\/\/www.instagram.com\/rhemployer","https:\/\/br.linkedin.com\/company\/employer-rh","https:\/\/www.youtube.com\/channel\/UCYVTmy1gh7G1qjSSe-5xajw"]}]}},"_links":{"self":[{"href":"https:\/\/employer.com.br\/tudo-do-rh\/wp-json\/wp\/v2\/pages\/31419","targetHints":{"allow":["GET"]}}],"collection":[{"href":"https:\/\/employer.com.br\/tudo-do-rh\/wp-json\/wp\/v2\/pages"}],"about":[{"href":"https:\/\/employer.com.br\/tudo-do-rh\/wp-json\/wp\/v2\/types\/page"}],"author":[{"embeddable":true,"href":"https:\/\/employer.com.br\/tudo-do-rh\/wp-json\/wp\/v2\/users\/11"}],"replies":[{"embeddable":true,"href":"https:\/\/employer.com.br\/tudo-do-rh\/wp-json\/wp\/v2\/comments?post=31419"}],"version-history":[{"count":0,"href":"https:\/\/employer.com.br\/tudo-do-rh\/wp-json\/wp\/v2\/pages\/31419\/revisions"}],"wp:featuredmedia":[{"embeddable":true,"href":"https:\/\/employer.com.br\/tudo-do-rh\/wp-json\/wp\/v2\/media\/30337"}],"wp:attachment":[{"href":"https:\/\/employer.com.br\/tudo-do-rh\/wp-json\/wp\/v2\/media?parent=31419"}],"curies":[{"name":"wp","href":"https:\/\/api.w.org\/{rel}","templated":true}]}}