{"id":140965,"date":"2025-10-13T13:43:12","date_gmt":"2025-10-13T16:43:12","guid":{"rendered":"https:\/\/employer.com.br\/tudo-do-rh\/?page_id=140965"},"modified":"2025-10-13T14:05:55","modified_gmt":"2025-10-13T17:05:55","slug":"servicos-bpo","status":"publish","type":"page","link":"https:\/\/employer.com.br\/tudo-do-rh\/servicos-bpo\/","title":{"rendered":"Servi\u00e7os BPO"},"content":{"rendered":"\t\t<div data-elementor-type=\"wp-page\" data-elementor-id=\"140965\" class=\"elementor elementor-140965\" data-elementor-post-type=\"page\">\n\t\t\t\t<header class=\"elementor-element elementor-element-1d0fcee e-con-full e-flex e-con e-parent\" data-id=\"1d0fcee\" data-element_type=\"container\" data-settings=\"{&quot;background_background&quot;:&quot;classic&quot;}\">\n\t\t<div class=\"elementor-element elementor-element-d1f4e44 e-flex e-con-boxed e-con e-child\" data-id=\"d1f4e44\" data-element_type=\"container\">\n\t\t\t\t\t<div class=\"e-con-inner\">\n\t\t\t\t<div class=\"elementor-element elementor-element-d45600d elementor-widget elementor-widget-image\" data-id=\"d45600d\" data-element_type=\"widget\" data-widget_type=\"image.default\">\n\t\t\t\t<div class=\"elementor-widget-container\">\n\t\t\t\t\t\t\t\t\t\t\t\t\t\t\t<img decoding=\"async\" width=\"300\" height=\"77\" src=\"https:\/\/employer.com.br\/tudo-do-rh\/wp-content\/uploads\/2025\/10\/logo_employer_lp-300x77.png\" class=\"attachment-medium size-medium wp-image-140967\" alt=\"\" srcset=\"https:\/\/employer.com.br\/tudo-do-rh\/wp-content\/uploads\/2025\/10\/logo_employer_lp-300x77.png 300w, https:\/\/employer.com.br\/tudo-do-rh\/wp-content\/uploads\/2025\/10\/logo_employer_lp.png 732w\" sizes=\"(max-width: 300px) 100vw, 300px\" \/>\t\t\t\t\t\t\t\t\t\t\t\t\t\t\t<\/div>\n\t\t\t\t<\/div>\n\t\t<div class=\"elementor-element elementor-element-4df665a e-con-full e-flex e-con e-child\" data-id=\"4df665a\" data-element_type=\"container\">\n\t\t<div class=\"elementor-element elementor-element-167b3ba e-con-full e-flex e-con e-child\" data-id=\"167b3ba\" data-element_type=\"container\">\n\t\t\t\t<\/div>\n\t\t<div class=\"elementor-element elementor-element-78363e3 e-con-full e-flex e-con e-child\" data-id=\"78363e3\" data-element_type=\"container\">\n\t\t<div class=\"elementor-element elementor-element-08af0ea e-con-full e-flex e-con e-child\" data-id=\"08af0ea\" data-element_type=\"container\" data-settings=\"{&quot;background_background&quot;:&quot;classic&quot;}\">\n\t\t\t\t<div class=\"elementor-element elementor-element-3627648 elementor-widget elementor-widget-heading\" data-id=\"3627648\" data-element_type=\"widget\" data-widget_type=\"heading.default\">\n\t\t\t\t<div class=\"elementor-widget-container\">\n\t\t\t\t\t<h2 class=\"elementor-heading-title elementor-size-default\">Solicite um or\u00e7amento<\/h2>\t\t\t\t<\/div>\n\t\t\t\t<\/div>\n\t\t\t\t<div class=\"elementor-element elementor-element-fc67af1 elementor-button-align-stretch elementor-widget elementor-widget-form\" data-id=\"fc67af1\" data-element_type=\"widget\" data-settings=\"{&quot;step_next_label&quot;:&quot;Pr\\u00f3ximo&quot;,&quot;step_previous_label&quot;:&quot;Anterior&quot;,&quot;button_width&quot;:&quot;100&quot;,&quot;step_type&quot;:&quot;number_text&quot;,&quot;step_icon_shape&quot;:&quot;circle&quot;}\" data-widget_type=\"form.default\">\n\t\t\t\t<div class=\"elementor-widget-container\">\n\t\t\t\t\t\t\t<form class=\"elementor-form\" method=\"post\" name=\"Novo formul\u00e1rio\" aria-label=\"Novo formul\u00e1rio\">\n\t\t\t<input type=\"hidden\" name=\"post_id\" value=\"140965\"\/>\n\t\t\t<input type=\"hidden\" name=\"form_id\" value=\"fc67af1\"\/>\n\t\t\t<input type=\"hidden\" name=\"referer_title\" value=\"Employer\" \/>\n\n\t\t\t\n\t\t\t<div class=\"elementor-form-fields-wrapper elementor-labels-\">\n\t\t\t\t\t\t\t\t<div class=\"elementor-field-type-text elementor-field-group elementor-column elementor-field-group-name elementor-col-100\">\n\t\t\t\t\t\t\t\t\t\t\t\t<label for=\"form-field-name\" class=\"elementor-field-label elementor-screen-only\">\n\t\t\t\t\t\t\t\tNome\t\t\t\t\t\t\t<\/label>\n\t\t\t\t\t\t\t\t\t\t\t\t\t\t<input size=\"1\" type=\"text\" name=\"form_fields[name]\" id=\"form-field-name\" class=\"elementor-field elementor-size-md  elementor-field-textual\" placeholder=\"Nome\">\n\t\t\t\t\t\t\t\t\t\t\t<\/div>\n\t\t\t\t\t\t\t\t<div class=\"elementor-field-type-email elementor-field-group elementor-column elementor-field-group-email elementor-col-100 elementor-field-required\">\n\t\t\t\t\t\t\t\t\t\t\t\t<label for=\"form-field-email\" class=\"elementor-field-label elementor-screen-only\">\n\t\t\t\t\t\t\t\tE-mail\t\t\t\t\t\t\t<\/label>\n\t\t\t\t\t\t\t\t\t\t\t\t\t\t<input size=\"1\" type=\"email\" name=\"form_fields[email]\" id=\"form-field-email\" class=\"elementor-field elementor-size-md  elementor-field-textual\" placeholder=\"E-mail\" required=\"required\">\n\t\t\t\t\t\t\t\t\t\t\t<\/div>\n\t\t\t\t\t\t\t\t<div class=\"elementor-field-type-textarea elementor-field-group elementor-column elementor-field-group-message elementor-col-100\">\n\t\t\t\t\t\t\t\t\t\t\t\t<label for=\"form-field-message\" class=\"elementor-field-label elementor-screen-only\">\n\t\t\t\t\t\t\t\tMensagem\t\t\t\t\t\t\t<\/label>\n\t\t\t\t\t\t<textarea class=\"elementor-field-textual elementor-field  elementor-size-md\" name=\"form_fields[message]\" id=\"form-field-message\" rows=\"4\" placeholder=\"Mensagem\"><\/textarea>\t\t\t\t<\/div>\n\t\t\t\t\t\t\t\t<div class=\"elementor-field-group elementor-column elementor-field-type-submit elementor-col-100 e-form__buttons\">\n\t\t\t\t\t<button class=\"elementor-button elementor-size-sm\" type=\"submit\">\n\t\t\t\t\t\t<span class=\"elementor-button-content-wrapper\">\n\t\t\t\t\t\t\t\t\t\t\t\t\t\t\t\t\t\t\t\t\t\t<span class=\"elementor-button-text\">Enviar<\/span>\n\t\t\t\t\t\t\t\t\t\t\t\t\t<\/span>\n\t\t\t\t\t<\/button>\n\t\t\t\t<\/div>\n\t\t\t<\/div>\n\t\t<\/form>\n\t\t\t\t\t\t<\/div>\n\t\t\t\t<\/div>\n\t\t\t\t<\/div>\n\t\t\t\t<\/div>\n\t\t\t\t<\/div>\n\t\t\t\t\t<\/div>\n\t\t\t\t<\/div>\n\t\t\t\t<\/header>\n\t\t\t\t<\/div>\n\t\t","protected":false},"excerpt":{"rendered":"<p>Solicite um or\u00e7amento<\/p>\n","protected":false},"author":3,"featured_media":0,"parent":0,"menu_order":0,"comment_status":"closed","ping_status":"closed","template":"elementor_canvas","meta":{"footnotes":""},"class_list":["post-140965","page","type-page","status-publish","hentry","entry"],"yoast_head":"<!-- This site is optimized with the Yoast SEO plugin v26.5 - https:\/\/yoast.com\/wordpress\/plugins\/seo\/ -->\n<title>Servi\u00e7os BPO - Employer<\/title>\n<meta name=\"robots\" content=\"index, follow, max-snippet:-1, max-image-preview:large, max-video-preview:-1\" \/>\n<link rel=\"canonical\" href=\"https:\/\/employer.com.br\/tudo-do-rh\/servicos-bpo\/\" \/>\n<meta property=\"og:locale\" content=\"pt_BR\" \/>\n<meta property=\"og:type\" content=\"article\" \/>\n<meta property=\"og:title\" content=\"Servi\u00e7os BPO - Employer\" \/>\n<meta property=\"og:description\" content=\"Solicite um or\u00e7amento\" \/>\n<meta property=\"og:url\" content=\"https:\/\/employer.com.br\/tudo-do-rh\/servicos-bpo\/\" \/>\n<meta property=\"og:site_name\" content=\"Employer\" \/>\n<meta property=\"article:publisher\" content=\"https:\/\/www.facebook.com\/Employer.RH\/\" \/>\n<meta property=\"article:modified_time\" content=\"2025-10-13T17:05:55+00:00\" \/>\n<meta property=\"og:image\" content=\"https:\/\/employer.com.br\/tudo-do-rh\/wp-content\/uploads\/2025\/10\/logo_employer_lp.png\" \/>\n\t<meta property=\"og:image:width\" content=\"732\" \/>\n\t<meta property=\"og:image:height\" content=\"187\" \/>\n\t<meta property=\"og:image:type\" content=\"image\/png\" \/>\n<meta name=\"twitter:card\" content=\"summary_large_image\" \/>\n<meta name=\"twitter:site\" content=\"@tudodorh\" \/>\n<meta name=\"twitter:label1\" content=\"Est. tempo de leitura\" \/>\n\t<meta name=\"twitter:data1\" content=\"1 minuto\" \/>\n<!-- \/ Yoast SEO plugin. -->","yoast_head_json":{"title":"Servi\u00e7os BPO - Employer","robots":{"index":"index","follow":"follow","max-snippet":"max-snippet:-1","max-image-preview":"max-image-preview:large","max-video-preview":"max-video-preview:-1"},"canonical":"https:\/\/employer.com.br\/tudo-do-rh\/servicos-bpo\/","og_locale":"pt_BR","og_type":"article","og_title":"Servi\u00e7os BPO - Employer","og_description":"Solicite um or\u00e7amento","og_url":"https:\/\/employer.com.br\/tudo-do-rh\/servicos-bpo\/","og_site_name":"Employer","article_publisher":"https:\/\/www.facebook.com\/Employer.RH\/","article_modified_time":"2025-10-13T17:05:55+00:00","og_image":[{"width":732,"height":187,"url":"https:\/\/employer.com.br\/tudo-do-rh\/wp-content\/uploads\/2025\/10\/logo_employer_lp.png","type":"image\/png"}],"twitter_card":"summary_large_image","twitter_site":"@tudodorh","twitter_misc":{"Est. tempo de leitura":"1 minuto"},"schema":{"@context":"https:\/\/schema.org","@graph":[{"@type":"WebPage","@id":"https:\/\/employer.com.br\/tudo-do-rh\/servicos-bpo\/","url":"https:\/\/employer.com.br\/tudo-do-rh\/servicos-bpo\/","name":"Servi\u00e7os BPO - Employer","isPartOf":{"@id":"https:\/\/employer.com.br\/tudo-do-rh\/#website"},"primaryImageOfPage":{"@id":"https:\/\/employer.com.br\/tudo-do-rh\/servicos-bpo\/#primaryimage"},"image":{"@id":"https:\/\/employer.com.br\/tudo-do-rh\/servicos-bpo\/#primaryimage"},"thumbnailUrl":"https:\/\/employer.com.br\/tudo-do-rh\/wp-content\/uploads\/2025\/10\/logo_employer_lp-300x77.png","datePublished":"2025-10-13T16:43:12+00:00","dateModified":"2025-10-13T17:05:55+00:00","breadcrumb":{"@id":"https:\/\/employer.com.br\/tudo-do-rh\/servicos-bpo\/#breadcrumb"},"inLanguage":"pt-BR","potentialAction":[{"@type":"ReadAction","target":["https:\/\/employer.com.br\/tudo-do-rh\/servicos-bpo\/"]}]},{"@type":"ImageObject","inLanguage":"pt-BR","@id":"https:\/\/employer.com.br\/tudo-do-rh\/servicos-bpo\/#primaryimage","url":"https:\/\/employer.com.br\/tudo-do-rh\/wp-content\/uploads\/2025\/10\/logo_employer_lp.png","contentUrl":"https:\/\/employer.com.br\/tudo-do-rh\/wp-content\/uploads\/2025\/10\/logo_employer_lp.png","width":732,"height":187},{"@type":"BreadcrumbList","@id":"https:\/\/employer.com.br\/tudo-do-rh\/servicos-bpo\/#breadcrumb","itemListElement":[{"@type":"ListItem","position":1,"name":"In\u00edcio","item":"https:\/\/employer.com.br\/tudo-do-rh\/"},{"@type":"ListItem","position":2,"name":"Servi\u00e7os BPO"}]},{"@type":"WebSite","@id":"https:\/\/employer.com.br\/tudo-do-rh\/#website","url":"https:\/\/employer.com.br\/tudo-do-rh\/","name":"Employer","description":"Legisla\u00e7\u00e3o | Gest\u00e3o de Pessoas | Tecnologia | RH Estrat\u00e9gico","publisher":{"@id":"https:\/\/employer.com.br\/tudo-do-rh\/#organization"},"potentialAction":[{"@type":"SearchAction","target":{"@type":"EntryPoint","urlTemplate":"https:\/\/employer.com.br\/tudo-do-rh\/?s={search_term_string}"},"query-input":{"@type":"PropertyValueSpecification","valueRequired":true,"valueName":"search_term_string"}}],"inLanguage":"pt-BR"},{"@type":"Organization","@id":"https:\/\/employer.com.br\/tudo-do-rh\/#organization","name":"Employer Summit","url":"https:\/\/employer.com.br\/tudo-do-rh\/","logo":{"@type":"ImageObject","inLanguage":"pt-BR","@id":"https:\/\/employer.com.br\/tudo-do-rh\/#\/schema\/logo\/image\/","url":"https:\/\/employer.com.br\/tudo-do-rh\/wp-content\/uploads\/2019\/08\/employersummit.com_.br_.jpg","contentUrl":"https:\/\/employer.com.br\/tudo-do-rh\/wp-content\/uploads\/2019\/08\/employersummit.com_.br_.jpg","width":700,"height":700,"caption":"Employer Summit"},"image":{"@id":"https:\/\/employer.com.br\/tudo-do-rh\/#\/schema\/logo\/image\/"},"sameAs":["https:\/\/www.facebook.com\/Employer.RH\/","https:\/\/x.com\/tudodorh","http:\/\/www.instagram.com\/rhemployer","https:\/\/br.linkedin.com\/company\/employer-rh","https:\/\/www.youtube.com\/channel\/UCYVTmy1gh7G1qjSSe-5xajw"]}]}},"_links":{"self":[{"href":"https:\/\/employer.com.br\/tudo-do-rh\/wp-json\/wp\/v2\/pages\/140965","targetHints":{"allow":["GET"]}}],"collection":[{"href":"https:\/\/employer.com.br\/tudo-do-rh\/wp-json\/wp\/v2\/pages"}],"about":[{"href":"https:\/\/employer.com.br\/tudo-do-rh\/wp-json\/wp\/v2\/types\/page"}],"author":[{"embeddable":true,"href":"https:\/\/employer.com.br\/tudo-do-rh\/wp-json\/wp\/v2\/users\/3"}],"replies":[{"embeddable":true,"href":"https:\/\/employer.com.br\/tudo-do-rh\/wp-json\/wp\/v2\/comments?post=140965"}],"version-history":[{"count":10,"href":"https:\/\/employer.com.br\/tudo-do-rh\/wp-json\/wp\/v2\/pages\/140965\/revisions"}],"predecessor-version":[{"id":140985,"href":"https:\/\/employer.com.br\/tudo-do-rh\/wp-json\/wp\/v2\/pages\/140965\/revisions\/140985"}],"wp:attachment":[{"href":"https:\/\/employer.com.br\/tudo-do-rh\/wp-json\/wp\/v2\/media?parent=140965"}],"curies":[{"name":"wp","href":"https:\/\/api.w.org\/{rel}","templated":true}]}}