{"id":122127,"date":"2025-03-14T10:22:54","date_gmt":"2025-03-14T13:22:54","guid":{"rendered":"https:\/\/employer.com.br\/tudo-do-rh\/?page_id=122127"},"modified":"2025-03-14T10:34:56","modified_gmt":"2025-03-14T13:34:56","slug":"employer-live-ia-e-empregabilidade-certificado","status":"publish","type":"page","link":"https:\/\/employer.com.br\/tudo-do-rh\/employer-live-ia-e-empregabilidade-certificado\/","title":{"rendered":"employer-live-ia-e-empregabilidade-certificado"},"content":{"rendered":"\t\t<div data-elementor-type=\"wp-page\" data-elementor-id=\"122127\" class=\"elementor elementor-122127\" data-elementor-post-type=\"page\">\n\t\t\t\t\t\t<section class=\"elementor-section elementor-top-section elementor-element elementor-element-e9a9acc elementor-section-boxed elementor-section-height-default elementor-section-height-default\" data-id=\"e9a9acc\" data-element_type=\"section\" data-settings=\"{&quot;background_background&quot;:&quot;classic&quot;}\">\n\t\t\t\t\t\t<div class=\"elementor-container elementor-column-gap-default\">\n\t\t\t\t\t<div class=\"elementor-column elementor-col-100 elementor-top-column elementor-element elementor-element-32c2e96\" data-id=\"32c2e96\" data-element_type=\"column\">\n\t\t\t<div class=\"elementor-widget-wrap elementor-element-populated\">\n\t\t\t\t\t\t<div class=\"elementor-element elementor-element-ecfd166 elementor-widget elementor-widget-image\" data-id=\"ecfd166\" data-element_type=\"widget\" data-widget_type=\"image.default\">\n\t\t\t\t<div class=\"elementor-widget-container\">\n\t\t\t\t\t\t\t\t\t\t\t\t\t\t\t<img decoding=\"async\" width=\"300\" height=\"78\" src=\"https:\/\/employer.com.br\/tudo-do-rh\/wp-content\/uploads\/2024\/01\/KV_EmployerLive_Branco_1-300x78.png\" class=\"attachment-medium size-medium wp-image-50544\" alt=\"\" srcset=\"https:\/\/employer.com.br\/tudo-do-rh\/wp-content\/uploads\/2024\/01\/KV_EmployerLive_Branco_1-300x78.png 300w, https:\/\/employer.com.br\/tudo-do-rh\/wp-content\/uploads\/2024\/01\/KV_EmployerLive_Branco_1-1024x266.png 1024w, https:\/\/employer.com.br\/tudo-do-rh\/wp-content\/uploads\/2024\/01\/KV_EmployerLive_Branco_1-768x200.png 768w, https:\/\/employer.com.br\/tudo-do-rh\/wp-content\/uploads\/2024\/01\/KV_EmployerLive_Branco_1-1536x400.png 1536w, https:\/\/employer.com.br\/tudo-do-rh\/wp-content\/uploads\/2024\/01\/KV_EmployerLive_Branco_1-2048x533.png 2048w\" sizes=\"(max-width: 300px) 100vw, 300px\" \/>\t\t\t\t\t\t\t\t\t\t\t\t\t\t\t<\/div>\n\t\t\t\t<\/div>\n\t\t\t\t<div class=\"elementor-element elementor-element-e57c707 elementor-widget__width-initial elementor-widget elementor-widget-heading\" data-id=\"e57c707\" data-element_type=\"widget\" data-widget_type=\"heading.default\">\n\t\t\t\t<div class=\"elementor-widget-container\">\n\t\t\t\t\t<h1 class=\"elementor-heading-title elementor-size-default\">Certificado de Participa\u00e7\u00e3o<\/h1>\t\t\t\t<\/div>\n\t\t\t\t<\/div>\n\t\t\t\t<div class=\"elementor-element elementor-element-62decad elementor-widget__width-initial elementor-widget elementor-widget-heading\" data-id=\"62decad\" data-element_type=\"widget\" data-widget_type=\"heading.default\">\n\t\t\t\t<div class=\"elementor-widget-container\">\n\t\t\t\t\t<h2 class=\"elementor-heading-title elementor-size-default\">Edi\u00e7\u00e3o Mar\u00e7o - 19\/03\/2025<\/h2>\t\t\t\t<\/div>\n\t\t\t\t<\/div>\n\t\t\t\t<div class=\"elementor-element elementor-element-9028322 elementor-widget elementor-widget-text-editor\" data-id=\"9028322\" data-element_type=\"widget\" data-widget_type=\"text-editor.default\">\n\t\t\t\t<div class=\"elementor-widget-container\">\n\t\t\t\t\t\t\t\t\t<p><span style=\"font-size: 16px;\">Curtiu nosso evento? <\/span><\/p><p><span style=\"font-size: 16px;\">Sua opini\u00e3o \u00e9 muito importante para n\u00f3s!<br \/>Responda a essas r\u00e1pidas perguntas para ter acesso ao seu certificado.<\/span><\/p>\t\t\t\t\t\t\t\t<\/div>\n\t\t\t\t<\/div>\n\t\t\t\t<section class=\"elementor-section elementor-inner-section elementor-element elementor-element-677a8d2 elementor-section-boxed elementor-section-height-default elementor-section-height-default\" data-id=\"677a8d2\" data-element_type=\"section\">\n\t\t\t\t\t\t<div class=\"elementor-container elementor-column-gap-default\">\n\t\t\t\t\t<div class=\"elementor-column elementor-col-100 elementor-inner-column elementor-element elementor-element-0c1a3ff\" data-id=\"0c1a3ff\" data-element_type=\"column\">\n\t\t\t<div class=\"elementor-widget-wrap elementor-element-populated\">\n\t\t\t\t\t\t<div class=\"elementor-element elementor-element-1d196ce elementor-widget elementor-widget-html\" data-id=\"1d196ce\" data-element_type=\"widget\" data-widget_type=\"html.default\">\n\t\t\t\t<div class=\"elementor-widget-container\">\n\t\t\t\t\t<script>\ndocument.addEventListener('DOMContentLoaded', function() {\n    var emojiMap = {\n        '0': '\ud83d\ude41',\n        '1': '\ud83d\ude41',\n        '2': '\ud83d\ude41',\n        '3': '\ud83d\ude41',\n        '4': '\ud83d\ude15',\n        '5': '\ud83d\ude15',\n        '6': '\ud83d\ude15',\n        '7': '\ud83d\ude42',\n        '8': '\ud83d\ude42',\n        '9': '\ud83d\ude00',\n        '10': '\ud83d\ude00'\n    };\n\n    document.querySelectorAll('.cf7-radio-group .wpcf7-list-item label').forEach(function(label) {\n        var value = label.textContent.trim();\n        if (emojiMap.hasOwnProperty(value)) {\n            label.setAttribute('data-value', value);\n            label.setAttribute('data-emoji', emojiMap[value]);\n        }\n    });\n});\n\n<\/script>\t\t\t\t<\/div>\n\t\t\t\t<\/div>\n\t\t\t\t<div class=\"elementor-element elementor-element-e0b1c1e elementor-widget elementor-widget-shortcode\" data-id=\"e0b1c1e\" data-element_type=\"widget\" data-widget_type=\"shortcode.default\">\n\t\t\t\t<div class=\"elementor-widget-container\">\n\t\t\t\t\t\t\t<div class=\"elementor-shortcode\">\n<div class=\"wpcf7 no-js\" id=\"wpcf7-f122130-o1\" lang=\"pt-BR\" dir=\"ltr\" data-wpcf7-id=\"122130\">\n<div class=\"screen-reader-response\"><p role=\"status\" aria-live=\"polite\" aria-atomic=\"true\"><\/p> <ul><\/ul><\/div>\n<form action=\"\/tudo-do-rh\/wp-json\/wp\/v2\/pages\/122127#wpcf7-f122130-o1\" method=\"post\" class=\"wpcf7-form init\" aria-label=\"Formul\u00e1rios de contato\" novalidate=\"novalidate\" data-status=\"init\">\n<fieldset class=\"hidden-fields-container\"><input type=\"hidden\" name=\"_wpcf7\" value=\"122130\" \/><input type=\"hidden\" name=\"_wpcf7_version\" value=\"6.1.4\" \/><input type=\"hidden\" name=\"_wpcf7_locale\" value=\"pt_BR\" \/><input type=\"hidden\" name=\"_wpcf7_unit_tag\" value=\"wpcf7-f122130-o1\" \/><input type=\"hidden\" name=\"_wpcf7_container_post\" value=\"0\" \/><input type=\"hidden\" name=\"_wpcf7_posted_data_hash\" value=\"\" \/>\n<\/fieldset>\n<p><script>\n document.addEventListener('wpcf7mailsent', function(event) {\n var nome = document.getElementById('nome').value;\n var redirectUrl = 'https:\/\/employer.com.br\/tudo-do-rh\/employer-live-ia-e-empregabilidade-certificado-gerado\/?nome=' + encodeURIComponent(nome);\n window.location.href = redirectUrl;\n }, false);\n<\/script><br \/>\n<label>Nome Completo<br \/>\n<span class=\"wpcf7-form-control-wrap\" data-name=\"your-name\"><input size=\"40\" maxlength=\"400\" class=\"wpcf7-form-control wpcf7-text wpcf7-validates-as-required\" id=\"nome\" aria-required=\"true\" aria-invalid=\"false\" value=\"\" type=\"text\" name=\"your-name\" \/><\/span><br \/>\n<\/label>\n<\/p>\n<p><label>E-mail<br \/>\n<span class=\"wpcf7-form-control-wrap\" data-name=\"your-email\"><input size=\"40\" maxlength=\"400\" class=\"wpcf7-form-control wpcf7-email wpcf7-validates-as-required wpcf7-text wpcf7-validates-as-email\" aria-required=\"true\" aria-invalid=\"false\" value=\"\" type=\"email\" name=\"your-email\" \/><\/span><br \/>\n<\/label>\n<\/p>\n<p>Em uma escala de 0 a 10, qual seu grau de satisfa\u00e7\u00e3o em rela\u00e7\u00e3o ao tema?\n<\/p>\n<div class=\"cf7-radio-group event-format\">\n\t<p><span class=\"wpcf7-form-control-wrap\" data-name=\"satisfacao\"><span class=\"wpcf7-form-control wpcf7-radio\"><span class=\"wpcf7-list-item first\"><label><input type=\"radio\" name=\"satisfacao\" value=\"0\" \/><span class=\"wpcf7-list-item-label\">0<\/span><\/label><\/span><span class=\"wpcf7-list-item\"><label><input type=\"radio\" name=\"satisfacao\" value=\"1\" \/><span class=\"wpcf7-list-item-label\">1<\/span><\/label><\/span><span class=\"wpcf7-list-item\"><label><input type=\"radio\" name=\"satisfacao\" value=\"2\" \/><span class=\"wpcf7-list-item-label\">2<\/span><\/label><\/span><span class=\"wpcf7-list-item\"><label><input type=\"radio\" name=\"satisfacao\" value=\"3\" \/><span class=\"wpcf7-list-item-label\">3<\/span><\/label><\/span><span class=\"wpcf7-list-item\"><label><input type=\"radio\" name=\"satisfacao\" value=\"4\" \/><span class=\"wpcf7-list-item-label\">4<\/span><\/label><\/span><span class=\"wpcf7-list-item\"><label><input type=\"radio\" name=\"satisfacao\" value=\"5\" \/><span class=\"wpcf7-list-item-label\">5<\/span><\/label><\/span><span class=\"wpcf7-list-item\"><label><input type=\"radio\" name=\"satisfacao\" value=\"6\" \/><span class=\"wpcf7-list-item-label\">6<\/span><\/label><\/span><span class=\"wpcf7-list-item\"><label><input type=\"radio\" name=\"satisfacao\" value=\"7\" \/><span class=\"wpcf7-list-item-label\">7<\/span><\/label><\/span><span class=\"wpcf7-list-item\"><label><input type=\"radio\" name=\"satisfacao\" value=\"8\" \/><span class=\"wpcf7-list-item-label\">8<\/span><\/label><\/span><span class=\"wpcf7-list-item\"><label><input type=\"radio\" name=\"satisfacao\" value=\"9\" \/><span class=\"wpcf7-list-item-label\">9<\/span><\/label><\/span><span class=\"wpcf7-list-item last\"><label><input type=\"radio\" name=\"satisfacao\" value=\"10\" \/><span class=\"wpcf7-list-item-label\">10<\/span><\/label><\/span><\/span><\/span>\n\t<\/p>\n<\/div>\n<p>Em uma escala de 0 a 10, qual seu grau de satisfa\u00e7\u00e3o em rela\u00e7\u00e3o aos palestrantes presentes?\n<\/p>\n<div class=\"cf7-radio-group speaker-satisfaction\">\n\t<p><span class=\"wpcf7-form-control-wrap\" data-name=\"satisfacao-palestrante-presente\"><span class=\"wpcf7-form-control wpcf7-radio\"><span class=\"wpcf7-list-item first\"><label><input type=\"radio\" name=\"satisfacao-palestrante-presente\" value=\"0\" \/><span class=\"wpcf7-list-item-label\">0<\/span><\/label><\/span><span class=\"wpcf7-list-item\"><label><input type=\"radio\" name=\"satisfacao-palestrante-presente\" value=\"1\" \/><span class=\"wpcf7-list-item-label\">1<\/span><\/label><\/span><span class=\"wpcf7-list-item\"><label><input type=\"radio\" name=\"satisfacao-palestrante-presente\" value=\"2\" \/><span class=\"wpcf7-list-item-label\">2<\/span><\/label><\/span><span class=\"wpcf7-list-item\"><label><input type=\"radio\" name=\"satisfacao-palestrante-presente\" value=\"3\" \/><span class=\"wpcf7-list-item-label\">3<\/span><\/label><\/span><span class=\"wpcf7-list-item\"><label><input type=\"radio\" name=\"satisfacao-palestrante-presente\" value=\"4\" \/><span class=\"wpcf7-list-item-label\">4<\/span><\/label><\/span><span class=\"wpcf7-list-item\"><label><input type=\"radio\" name=\"satisfacao-palestrante-presente\" value=\"5\" \/><span class=\"wpcf7-list-item-label\">5<\/span><\/label><\/span><span class=\"wpcf7-list-item\"><label><input type=\"radio\" name=\"satisfacao-palestrante-presente\" value=\"6\" \/><span class=\"wpcf7-list-item-label\">6<\/span><\/label><\/span><span class=\"wpcf7-list-item\"><label><input type=\"radio\" name=\"satisfacao-palestrante-presente\" value=\"7\" \/><span class=\"wpcf7-list-item-label\">7<\/span><\/label><\/span><span class=\"wpcf7-list-item\"><label><input type=\"radio\" name=\"satisfacao-palestrante-presente\" value=\"8\" \/><span class=\"wpcf7-list-item-label\">8<\/span><\/label><\/span><span class=\"wpcf7-list-item\"><label><input type=\"radio\" name=\"satisfacao-palestrante-presente\" value=\"9\" \/><span class=\"wpcf7-list-item-label\">9<\/span><\/label><\/span><span class=\"wpcf7-list-item last\"><label><input type=\"radio\" name=\"satisfacao-palestrante-presente\" value=\"10\" \/><span class=\"wpcf7-list-item-label\">10<\/span><\/label><\/span><\/span><\/span>\n\t<\/p>\n<\/div>\n<p>Em uma escala de 0 a 10, o quanto voc\u00ea considera que o evento contribuiu para o seu conhecimento na \u00e1rea?\n<\/p>\n<div class=\"cf7-radio-group recommend-event\">\n\t<p><span class=\"wpcf7-form-control-wrap\" data-name=\"contribuicao-para-seu-conhecimento\"><span class=\"wpcf7-form-control wpcf7-radio\"><span class=\"wpcf7-list-item first\"><label><input type=\"radio\" name=\"contribuicao-para-seu-conhecimento\" value=\"0\" \/><span class=\"wpcf7-list-item-label\">0<\/span><\/label><\/span><span class=\"wpcf7-list-item\"><label><input type=\"radio\" name=\"contribuicao-para-seu-conhecimento\" value=\"1\" \/><span class=\"wpcf7-list-item-label\">1<\/span><\/label><\/span><span class=\"wpcf7-list-item\"><label><input type=\"radio\" name=\"contribuicao-para-seu-conhecimento\" value=\"2\" \/><span class=\"wpcf7-list-item-label\">2<\/span><\/label><\/span><span class=\"wpcf7-list-item\"><label><input type=\"radio\" name=\"contribuicao-para-seu-conhecimento\" value=\"3\" \/><span class=\"wpcf7-list-item-label\">3<\/span><\/label><\/span><span class=\"wpcf7-list-item\"><label><input type=\"radio\" name=\"contribuicao-para-seu-conhecimento\" value=\"4\" \/><span class=\"wpcf7-list-item-label\">4<\/span><\/label><\/span><span class=\"wpcf7-list-item\"><label><input type=\"radio\" name=\"contribuicao-para-seu-conhecimento\" value=\"5\" \/><span class=\"wpcf7-list-item-label\">5<\/span><\/label><\/span><span class=\"wpcf7-list-item\"><label><input type=\"radio\" name=\"contribuicao-para-seu-conhecimento\" value=\"6\" \/><span class=\"wpcf7-list-item-label\">6<\/span><\/label><\/span><span class=\"wpcf7-list-item\"><label><input type=\"radio\" name=\"contribuicao-para-seu-conhecimento\" value=\"7\" \/><span class=\"wpcf7-list-item-label\">7<\/span><\/label><\/span><span class=\"wpcf7-list-item\"><label><input type=\"radio\" name=\"contribuicao-para-seu-conhecimento\" value=\"8\" \/><span class=\"wpcf7-list-item-label\">8<\/span><\/label><\/span><span class=\"wpcf7-list-item\"><label><input type=\"radio\" name=\"contribuicao-para-seu-conhecimento\" value=\"9\" \/><span class=\"wpcf7-list-item-label\">9<\/span><\/label><\/span><span class=\"wpcf7-list-item last\"><label><input type=\"radio\" name=\"contribuicao-para-seu-conhecimento\" value=\"10\" \/><span class=\"wpcf7-list-item-label\">10<\/span><\/label><\/span><\/span><\/span>\n\t<\/p>\n<\/div>\n<p>Em uma escala de 0 a 10, o quanto voc\u00ea recomendaria o evento para outros profissionais?\n<\/p>\n<div class=\"cf7-radio-group recommend-event\">\n\t<p><span class=\"wpcf7-form-control-wrap\" data-name=\"recomendaria\"><span class=\"wpcf7-form-control wpcf7-radio\"><span class=\"wpcf7-list-item first\"><label><input type=\"radio\" name=\"recomendaria\" value=\"0\" \/><span class=\"wpcf7-list-item-label\">0<\/span><\/label><\/span><span class=\"wpcf7-list-item\"><label><input type=\"radio\" name=\"recomendaria\" value=\"1\" \/><span class=\"wpcf7-list-item-label\">1<\/span><\/label><\/span><span class=\"wpcf7-list-item\"><label><input type=\"radio\" name=\"recomendaria\" value=\"2\" \/><span class=\"wpcf7-list-item-label\">2<\/span><\/label><\/span><span class=\"wpcf7-list-item\"><label><input type=\"radio\" name=\"recomendaria\" value=\"3\" \/><span class=\"wpcf7-list-item-label\">3<\/span><\/label><\/span><span class=\"wpcf7-list-item\"><label><input type=\"radio\" name=\"recomendaria\" value=\"4\" \/><span class=\"wpcf7-list-item-label\">4<\/span><\/label><\/span><span class=\"wpcf7-list-item\"><label><input type=\"radio\" name=\"recomendaria\" value=\"5\" \/><span class=\"wpcf7-list-item-label\">5<\/span><\/label><\/span><span class=\"wpcf7-list-item\"><label><input type=\"radio\" name=\"recomendaria\" value=\"6\" \/><span class=\"wpcf7-list-item-label\">6<\/span><\/label><\/span><span class=\"wpcf7-list-item\"><label><input type=\"radio\" name=\"recomendaria\" value=\"7\" \/><span class=\"wpcf7-list-item-label\">7<\/span><\/label><\/span><span class=\"wpcf7-list-item\"><label><input type=\"radio\" name=\"recomendaria\" value=\"8\" \/><span class=\"wpcf7-list-item-label\">8<\/span><\/label><\/span><span class=\"wpcf7-list-item\"><label><input type=\"radio\" name=\"recomendaria\" value=\"9\" \/><span class=\"wpcf7-list-item-label\">9<\/span><\/label><\/span><span class=\"wpcf7-list-item last\"><label><input type=\"radio\" name=\"recomendaria\" value=\"10\" \/><span class=\"wpcf7-list-item-label\">10<\/span><\/label><\/span><\/span><\/span>\n\t<\/p>\n<\/div>\n<div class=\"box-radio\">\n\t<p><label class=\"radio\">Como voc\u00ea ficou sabendo do evento?<\/label><br \/>\n<span class=\"wpcf7-form-control-wrap\" data-name=\"como_soube\"><span class=\"wpcf7-form-control wpcf7-radio como-soube\"><span class=\"wpcf7-list-item first\"><input type=\"radio\" name=\"como_soube\" value=\"Redes sociais\" \/><span class=\"wpcf7-list-item-label\">Redes sociais<\/span><\/span><span class=\"wpcf7-list-item\"><input type=\"radio\" name=\"como_soube\" value=\"E-mail\" \/><span class=\"wpcf7-list-item-label\">E-mail<\/span><\/span><span class=\"wpcf7-list-item\"><input type=\"radio\" name=\"como_soube\" value=\"Indica\u00e7\u00e3o de colega\" \/><span class=\"wpcf7-list-item-label\">Indica\u00e7\u00e3o de colega<\/span><\/span><span class=\"wpcf7-list-item last\"><input type=\"radio\" name=\"como_soube\" value=\"Outros (especificar)\" \/><span class=\"wpcf7-list-item-label\">Outros (especificar)<\/span><\/span><\/span><\/span>\n\t<\/p>\n\t<p><span class=\"wpcf7-form-control-wrap\" data-name=\"outros\"><input size=\"40\" maxlength=\"400\" class=\"wpcf7-form-control wpcf7-text\" aria-invalid=\"false\" value=\"Especifique aqui se escolheu &#039;Outros&#039;\" type=\"text\" name=\"outros\" \/><\/span>\n\t<\/p>\n<\/div>\n<p><label>Considerando sua experi\u00eancia geral, voc\u00ea tem alguma sugest\u00e3o ou coment\u00e1rio adicional?<br \/>\n<span class=\"wpcf7-form-control-wrap\" data-name=\"sugestao\"><input size=\"40\" maxlength=\"400\" class=\"wpcf7-form-control wpcf7-text\" aria-invalid=\"false\" value=\"\" type=\"text\" name=\"sugestao\" \/><\/span><br \/>\n<\/label>\n<\/p>\n<p class=\"txt-concordo\"><span class=\"wpcf7-form-control-wrap\" data-name=\"acceptance-414\"><span class=\"wpcf7-form-control wpcf7-acceptance\"><span class=\"wpcf7-list-item\"><label><input type=\"checkbox\" name=\"acceptance-414\" value=\"1\" checked=\"checked\" aria-invalid=\"false\" \/><span class=\"wpcf7-list-item-label\">Concordo em receber contato e conte\u00fado da Employer e parceiros*<\/span><\/label><\/span><\/span><\/span>\n<\/p>\n<p><input class=\"wpcf7-form-control wpcf7-submit has-spinner\" type=\"submit\" value=\"GERAR CERTIFICADO\" \/>\n<\/p><input type='hidden' class='wpcf7-pum' value='{\"closepopup\":false,\"closedelay\":0,\"openpopup\":false,\"openpopup_id\":0}' \/><div class=\"wpcf7-response-output\" aria-hidden=\"true\"><\/div>\n<\/form>\n<\/div>\n<\/div>\n\t\t\t\t\t\t<\/div>\n\t\t\t\t<\/div>\n\t\t\t\t\t<\/div>\n\t\t<\/div>\n\t\t\t\t\t<\/div>\n\t\t<\/section>\n\t\t\t\t\t<\/div>\n\t\t<\/div>\n\t\t\t\t\t<\/div>\n\t\t<\/section>\n\t\t\t\t<\/div>\n\t\t","protected":false},"excerpt":{"rendered":"<p>Certificado de Participa\u00e7\u00e3o Edi\u00e7\u00e3o Mar\u00e7o &#8211; 19\/03\/2025 Curtiu nosso evento? Sua opini\u00e3o \u00e9 muito importante para n\u00f3s!Responda a essas r\u00e1pidas perguntas para ter acesso ao seu certificado.<\/p>\n","protected":false},"author":11,"featured_media":0,"parent":0,"menu_order":0,"comment_status":"closed","ping_status":"closed","template":"elementor_canvas","meta":{"footnotes":""},"class_list":["post-122127","page","type-page","status-publish","hentry","entry"],"yoast_head":"<!-- This site is optimized with the Yoast SEO plugin v26.5 - https:\/\/yoast.com\/wordpress\/plugins\/seo\/ -->\n<title>employer-live-ia-e-empregabilidade-certificado - Employer<\/title>\n<meta name=\"robots\" content=\"index, follow, max-snippet:-1, max-image-preview:large, max-video-preview:-1\" \/>\n<link rel=\"canonical\" href=\"https:\/\/employer.com.br\/tudo-do-rh\/employer-live-ia-e-empregabilidade-certificado\/\" \/>\n<meta property=\"og:locale\" content=\"pt_BR\" \/>\n<meta property=\"og:type\" content=\"article\" \/>\n<meta property=\"og:title\" content=\"employer-live-ia-e-empregabilidade-certificado - Employer\" \/>\n<meta property=\"og:description\" content=\"Certificado de Participa\u00e7\u00e3o Edi\u00e7\u00e3o Mar\u00e7o &#8211; 19\/03\/2025 Curtiu nosso evento? Sua opini\u00e3o \u00e9 muito importante para n\u00f3s!Responda a essas r\u00e1pidas perguntas para ter acesso ao seu certificado.\" \/>\n<meta property=\"og:url\" content=\"https:\/\/employer.com.br\/tudo-do-rh\/employer-live-ia-e-empregabilidade-certificado\/\" \/>\n<meta property=\"og:site_name\" content=\"Employer\" \/>\n<meta property=\"article:publisher\" content=\"https:\/\/www.facebook.com\/Employer.RH\/\" \/>\n<meta property=\"article:modified_time\" content=\"2025-03-14T13:34:56+00:00\" \/>\n<meta property=\"og:image\" content=\"https:\/\/employer.com.br\/tudo-do-rh\/wp-content\/uploads\/2024\/01\/KV_EmployerLive_Branco_1.png\" \/>\n\t<meta property=\"og:image:width\" content=\"4500\" \/>\n\t<meta property=\"og:image:height\" content=\"1171\" \/>\n\t<meta property=\"og:image:type\" content=\"image\/png\" \/>\n<meta name=\"twitter:card\" content=\"summary_large_image\" \/>\n<meta name=\"twitter:site\" content=\"@tudodorh\" \/>\n<meta name=\"twitter:label1\" content=\"Est. tempo de leitura\" \/>\n\t<meta name=\"twitter:data1\" content=\"1 minuto\" \/>\n<!-- \/ Yoast SEO plugin. -->","yoast_head_json":{"title":"employer-live-ia-e-empregabilidade-certificado - Employer","robots":{"index":"index","follow":"follow","max-snippet":"max-snippet:-1","max-image-preview":"max-image-preview:large","max-video-preview":"max-video-preview:-1"},"canonical":"https:\/\/employer.com.br\/tudo-do-rh\/employer-live-ia-e-empregabilidade-certificado\/","og_locale":"pt_BR","og_type":"article","og_title":"employer-live-ia-e-empregabilidade-certificado - Employer","og_description":"Certificado de Participa\u00e7\u00e3o Edi\u00e7\u00e3o Mar\u00e7o &#8211; 19\/03\/2025 Curtiu nosso evento? Sua opini\u00e3o \u00e9 muito importante para n\u00f3s!Responda a essas r\u00e1pidas perguntas para ter acesso ao seu certificado.","og_url":"https:\/\/employer.com.br\/tudo-do-rh\/employer-live-ia-e-empregabilidade-certificado\/","og_site_name":"Employer","article_publisher":"https:\/\/www.facebook.com\/Employer.RH\/","article_modified_time":"2025-03-14T13:34:56+00:00","og_image":[{"width":4500,"height":1171,"url":"https:\/\/employer.com.br\/tudo-do-rh\/wp-content\/uploads\/2024\/01\/KV_EmployerLive_Branco_1.png","type":"image\/png"}],"twitter_card":"summary_large_image","twitter_site":"@tudodorh","twitter_misc":{"Est. tempo de leitura":"1 minuto"},"schema":{"@context":"https:\/\/schema.org","@graph":[{"@type":"WebPage","@id":"https:\/\/employer.com.br\/tudo-do-rh\/employer-live-ia-e-empregabilidade-certificado\/","url":"https:\/\/employer.com.br\/tudo-do-rh\/employer-live-ia-e-empregabilidade-certificado\/","name":"employer-live-ia-e-empregabilidade-certificado - Employer","isPartOf":{"@id":"https:\/\/employer.com.br\/tudo-do-rh\/#website"},"primaryImageOfPage":{"@id":"https:\/\/employer.com.br\/tudo-do-rh\/employer-live-ia-e-empregabilidade-certificado\/#primaryimage"},"image":{"@id":"https:\/\/employer.com.br\/tudo-do-rh\/employer-live-ia-e-empregabilidade-certificado\/#primaryimage"},"thumbnailUrl":"https:\/\/employer.com.br\/tudo-do-rh\/wp-content\/uploads\/2024\/01\/KV_EmployerLive_Branco_1-300x78.png","datePublished":"2025-03-14T13:22:54+00:00","dateModified":"2025-03-14T13:34:56+00:00","breadcrumb":{"@id":"https:\/\/employer.com.br\/tudo-do-rh\/employer-live-ia-e-empregabilidade-certificado\/#breadcrumb"},"inLanguage":"pt-BR","potentialAction":[{"@type":"ReadAction","target":["https:\/\/employer.com.br\/tudo-do-rh\/employer-live-ia-e-empregabilidade-certificado\/"]}]},{"@type":"ImageObject","inLanguage":"pt-BR","@id":"https:\/\/employer.com.br\/tudo-do-rh\/employer-live-ia-e-empregabilidade-certificado\/#primaryimage","url":"https:\/\/employer.com.br\/tudo-do-rh\/wp-content\/uploads\/2024\/01\/KV_EmployerLive_Branco_1.png","contentUrl":"https:\/\/employer.com.br\/tudo-do-rh\/wp-content\/uploads\/2024\/01\/KV_EmployerLive_Branco_1.png","width":4500,"height":1171},{"@type":"BreadcrumbList","@id":"https:\/\/employer.com.br\/tudo-do-rh\/employer-live-ia-e-empregabilidade-certificado\/#breadcrumb","itemListElement":[{"@type":"ListItem","position":1,"name":"In\u00edcio","item":"https:\/\/employer.com.br\/tudo-do-rh\/"},{"@type":"ListItem","position":2,"name":"employer-live-ia-e-empregabilidade-certificado"}]},{"@type":"WebSite","@id":"https:\/\/employer.com.br\/tudo-do-rh\/#website","url":"https:\/\/employer.com.br\/tudo-do-rh\/","name":"Employer","description":"Legisla\u00e7\u00e3o | Gest\u00e3o de Pessoas | Tecnologia | RH Estrat\u00e9gico","publisher":{"@id":"https:\/\/employer.com.br\/tudo-do-rh\/#organization"},"potentialAction":[{"@type":"SearchAction","target":{"@type":"EntryPoint","urlTemplate":"https:\/\/employer.com.br\/tudo-do-rh\/?s={search_term_string}"},"query-input":{"@type":"PropertyValueSpecification","valueRequired":true,"valueName":"search_term_string"}}],"inLanguage":"pt-BR"},{"@type":"Organization","@id":"https:\/\/employer.com.br\/tudo-do-rh\/#organization","name":"Employer Summit","url":"https:\/\/employer.com.br\/tudo-do-rh\/","logo":{"@type":"ImageObject","inLanguage":"pt-BR","@id":"https:\/\/employer.com.br\/tudo-do-rh\/#\/schema\/logo\/image\/","url":"https:\/\/employer.com.br\/tudo-do-rh\/wp-content\/uploads\/2019\/08\/employersummit.com_.br_.jpg","contentUrl":"https:\/\/employer.com.br\/tudo-do-rh\/wp-content\/uploads\/2019\/08\/employersummit.com_.br_.jpg","width":700,"height":700,"caption":"Employer Summit"},"image":{"@id":"https:\/\/employer.com.br\/tudo-do-rh\/#\/schema\/logo\/image\/"},"sameAs":["https:\/\/www.facebook.com\/Employer.RH\/","https:\/\/x.com\/tudodorh","http:\/\/www.instagram.com\/rhemployer","https:\/\/br.linkedin.com\/company\/employer-rh","https:\/\/www.youtube.com\/channel\/UCYVTmy1gh7G1qjSSe-5xajw"]}]}},"_links":{"self":[{"href":"https:\/\/employer.com.br\/tudo-do-rh\/wp-json\/wp\/v2\/pages\/122127","targetHints":{"allow":["GET"]}}],"collection":[{"href":"https:\/\/employer.com.br\/tudo-do-rh\/wp-json\/wp\/v2\/pages"}],"about":[{"href":"https:\/\/employer.com.br\/tudo-do-rh\/wp-json\/wp\/v2\/types\/page"}],"author":[{"embeddable":true,"href":"https:\/\/employer.com.br\/tudo-do-rh\/wp-json\/wp\/v2\/users\/11"}],"replies":[{"embeddable":true,"href":"https:\/\/employer.com.br\/tudo-do-rh\/wp-json\/wp\/v2\/comments?post=122127"}],"version-history":[{"count":0,"href":"https:\/\/employer.com.br\/tudo-do-rh\/wp-json\/wp\/v2\/pages\/122127\/revisions"}],"wp:attachment":[{"href":"https:\/\/employer.com.br\/tudo-do-rh\/wp-json\/wp\/v2\/media?parent=122127"}],"curies":[{"name":"wp","href":"https:\/\/api.w.org\/{rel}","templated":true}]}}